{"id":96,"date":"2024-03-29T15:30:22","date_gmt":"2024-03-29T14:30:22","guid":{"rendered":"http:\/\/nova.art.pl\/pl\/?page_id=96"},"modified":"2025-09-20T10:53:52","modified_gmt":"2025-09-20T08:53:52","slug":"new-art-order","status":"publish","type":"page","link":"https:\/\/nova.art.pl\/pl\/new-art-order\/","title":{"rendered":"New Art Order"},"content":{"rendered":"\t\t<div data-elementor-type=\"wp-page\" data-elementor-id=\"96\" class=\"elementor elementor-96\" data-elementor-settings=\"{&quot;ha_cmc_init_switcher&quot;:&quot;no&quot;}\">\n\t\t\t\t<div class=\"elementor-element elementor-element-94b43af e-con-full e-flex wpr-particle-no wpr-jarallax-no wpr-parallax-no wpr-sticky-section-no wpr-equal-height-no e-con e-parent\" data-id=\"94b43af\" data-element_type=\"container\" data-e-type=\"container\" data-settings=\"{&quot;_ha_eqh_enable&quot;:false}\">\n\t\t\t\t<div class=\"elementor-element elementor-element-43c1ace elementor-widget elementor-widget-text-editor\" data-id=\"43c1ace\" data-element_type=\"widget\" data-e-type=\"widget\" data-widget_type=\"text-editor.default\">\n\t\t\t\t<div class=\"elementor-widget-container\">\n\t\t\t\t\t\t\t\t\t<p>NEW ART ORDER<\/p>\t\t\t\t\t\t\t\t<\/div>\n\t\t\t\t<\/div>\n\t\t\t\t<\/div>\n\t\t<div class=\"elementor-element elementor-element-7428109 e-con-full e-flex wpr-particle-no wpr-jarallax-no wpr-parallax-no wpr-sticky-section-no wpr-equal-height-no e-con e-parent\" data-id=\"7428109\" data-element_type=\"container\" data-e-type=\"container\" data-settings=\"{&quot;_ha_eqh_enable&quot;:false}\">\n\t\t<div class=\"elementor-element elementor-element-c487c31 e-con-full e-flex wpr-particle-no wpr-jarallax-no wpr-parallax-no wpr-sticky-section-no wpr-equal-height-no e-con e-child\" data-id=\"c487c31\" data-element_type=\"container\" data-e-type=\"container\" data-settings=\"{&quot;_ha_eqh_enable&quot;:false}\">\n\t\t\t\t<div class=\"elementor-element elementor-element-ff0d641 elementor-widget__width-initial elementor-widget elementor-widget-text-editor\" data-id=\"ff0d641\" data-element_type=\"widget\" data-e-type=\"widget\" data-widget_type=\"text-editor.default\">\n\t\t\t\t<div class=\"elementor-widget-container\">\n\t\t\t\t\t\t\t\t\t<p>W latach 2013-2022 odby\u0142y si\u0119 34 internetowe aukcje sztuki aktualnej New Art Order. Kilkadziesi\u0105t edycji powsta\u0142o we wsp\u00f3\u0142pracy z portalem Artinfo. Wychodz\u0105c naprzeciw wsp\u00f3\u0142czesnemu odbiorcy organizatorzy postanowili odej\u015b\u0107 od tradycyjnej formy aukcyjnej, tworz\u0105c tym samym \u00a0licytacj\u0119 wy\u0142\u0105cznie internetow\u0105, New Art Order \u015bmia\u0142o mo\u017cna zaliczy\u0107 do jednej z pierwszych aukcji tworzonych w formacie licytacji online. New Art Order \u0142\u0105czy w sobie z pocz\u0105tku ma\u0142o popularn\u0105 form\u0119 licytacji internetowej z wysokim poziomem prezentowanych w katalogu obiekt\u00f3w czo\u0142owych artyst\u00f3w.<\/p>\t\t\t\t\t\t\t\t<\/div>\n\t\t\t\t<\/div>\n\t\t\t\t<\/div>\n\t\t\t\t<\/div>\n\t\t<div class=\"elementor-element elementor-element-d31054e e-con-full e-flex wpr-particle-no wpr-jarallax-no wpr-parallax-no wpr-sticky-section-no wpr-equal-height-no e-con e-parent\" data-id=\"d31054e\" data-element_type=\"container\" data-e-type=\"container\" data-settings=\"{&quot;_ha_eqh_enable&quot;:false}\">\n\t\t<div class=\"elementor-element elementor-element-dc3ed7d e-con-full e-flex wpr-particle-no wpr-jarallax-no wpr-parallax-no wpr-sticky-section-no wpr-equal-height-no e-con e-child\" data-id=\"dc3ed7d\" data-element_type=\"container\" data-e-type=\"container\" data-settings=\"{&quot;_ha_eqh_enable&quot;:false}\">\n\t\t\t\t<div class=\"elementor-element elementor-element-d9c386f elementor-widget__width-initial elementor-widget elementor-widget-text-editor\" data-id=\"d9c386f\" data-element_type=\"widget\" data-e-type=\"widget\" data-widget_type=\"text-editor.default\">\n\t\t\t\t<div class=\"elementor-widget-container\">\n\t\t\t\t\t\t\t\t\t<p>Media\u00a0<\/p>\t\t\t\t\t\t\t\t<\/div>\n\t\t\t\t<\/div>\n\t\t\t\t<\/div>\n\t\t\t\t<\/div>\n\t\t<div class=\"elementor-element elementor-element-23927b4 e-con-full e-flex wpr-particle-no wpr-jarallax-no wpr-parallax-no wpr-sticky-section-no wpr-equal-height-no e-con e-parent\" data-id=\"23927b4\" data-element_type=\"container\" data-e-type=\"container\" data-settings=\"{&quot;_ha_eqh_enable&quot;:false}\">\n\t\t<div class=\"elementor-element elementor-element-17dc06d e-con-full e-flex wpr-particle-no wpr-jarallax-no wpr-parallax-no wpr-sticky-section-no wpr-equal-height-no e-con e-child\" data-id=\"17dc06d\" data-element_type=\"container\" data-e-type=\"container\" data-settings=\"{&quot;_ha_eqh_enable&quot;:false}\">\n\t\t\t\t<div class=\"elementor-element elementor-element-16105a1 elementor-widget__width-initial elementor-widget elementor-widget-text-editor\" data-id=\"16105a1\" data-element_type=\"widget\" data-e-type=\"widget\" data-widget_type=\"text-editor.default\">\n\t\t\t\t<div class=\"elementor-widget-container\">\n\t\t\t\t\t\t\t\t\t<p><a href=\"https:\/\/rynekisztuka.pl\/2013\/05\/20\/o-aukcji-sztuki-aktualnej-new-art-order\/\">https:\/\/rynekisztuka.pl\/2013\/05\/20\/o-aukcji-sztuki-aktualnej-new-art-order\/<\/a><br \/><a href=\"http:\/\/krakow.pl\/get_pdf.php?dok_id=30061\">http:\/\/krakow.pl\/get_pdf.php?dok_id=30061<\/a><br \/><a href=\"https:\/\/www.rp.pl\/ekonomia\/art12529101-sytuacja-na-polskim-rynku-sztuki-wspolczesnej-w-ocenie-galerii\">https:\/\/www.rp.pl\/ekonomia\/art12529101-sytuacja-na-polskim-rynku-sztuki-wspolczesnej-w-ocenie-galerii<\/a><br \/><a href=\"https:\/\/fragile.net.pl\/8-aukcja-new-art-order\/\">https:\/\/fragile.net.pl\/8-aukcja-new-art-order\/<\/a><br \/><a href=\"https:\/\/fragile.net.pl\/9-edycja-internetowej-aukcji-sztuki-aktualnej-new-art-order\/\">https:\/\/fragile.net.pl\/9-edycja-internetowej-aukcji-sztuki-aktualnej-new-art-order\/<\/a><br \/><a href=\"https:\/\/pieniadze.rp.pl\/sztuka\/art17413611-dynamiczna-czesc-rynku-z-potencjalem-inwestycyjnym\">https:\/\/pieniadze.rp.pl\/sztuka\/art17413611-dynamiczna-czesc-rynku-z-potencjalem-inwestycyjnym<\/a><\/p>\t\t\t\t\t\t\t\t<\/div>\n\t\t\t\t<\/div>\n\t\t\t\t<\/div>\n\t\t\t\t<\/div>\n\t\t<div class=\"elementor-element elementor-element-704ff92 e-con-full e-flex wpr-particle-no wpr-jarallax-no wpr-parallax-no wpr-sticky-section-no wpr-equal-height-no e-con e-parent\" data-id=\"704ff92\" data-element_type=\"container\" data-e-type=\"container\" data-settings=\"{&quot;_ha_eqh_enable&quot;:false}\">\n\t\t<div class=\"elementor-element elementor-element-f639005 e-con-full e-flex wpr-particle-no wpr-jarallax-no wpr-parallax-no wpr-sticky-section-no wpr-equal-height-no e-con e-child\" data-id=\"f639005\" data-element_type=\"container\" data-e-type=\"container\" data-settings=\"{&quot;_ha_eqh_enable&quot;:false}\">\n\t\t\t\t<div class=\"elementor-element elementor-element-5dc5304 elementor-widget elementor-widget-image\" data-id=\"5dc5304\" data-element_type=\"widget\" data-e-type=\"widget\" data-widget_type=\"image.default\">\n\t\t\t\t<div class=\"elementor-widget-container\">\n\t\t\t\t\t\t\t\t\t\t\t\t\t\t\t<img fetchpriority=\"high\" decoding=\"async\" width=\"561\" height=\"793\" src=\"https:\/\/nova.art.pl\/pl\/wp-content\/uploads\/sites\/3\/2024\/04\/Plakat-2.jpg\" class=\"attachment-large size-large wp-image-1160\" alt=\"\" srcset=\"https:\/\/nova.art.pl\/pl\/wp-content\/uploads\/sites\/3\/2024\/04\/Plakat-2.jpg 561w, https:\/\/nova.art.pl\/pl\/wp-content\/uploads\/sites\/3\/2024\/04\/Plakat-2-212x300.jpg 212w\" sizes=\"(max-width: 561px) 100vw, 561px\" \/>\t\t\t\t\t\t\t\t\t\t\t\t\t\t\t<\/div>\n\t\t\t\t<\/div>\n\t\t\t\t<\/div>\n\t\t<div class=\"elementor-element elementor-element-1d603c5 e-con-full e-flex wpr-particle-no wpr-jarallax-no wpr-parallax-no wpr-sticky-section-no wpr-equal-height-no e-con e-child\" data-id=\"1d603c5\" data-element_type=\"container\" data-e-type=\"container\" data-settings=\"{&quot;_ha_eqh_enable&quot;:false}\">\n\t\t\t\t<div class=\"elementor-element elementor-element-0ecc3ba elementor-widget elementor-widget-image\" data-id=\"0ecc3ba\" data-element_type=\"widget\" data-e-type=\"widget\" data-widget_type=\"image.default\">\n\t\t\t\t<div class=\"elementor-widget-container\">\n\t\t\t\t\t\t\t\t\t\t\t\t\t\t\t<img decoding=\"async\" width=\"400\" height=\"566\" src=\"https:\/\/nova.art.pl\/pl\/wp-content\/uploads\/sites\/3\/2024\/04\/nao_8_maly-400x566-1.jpg\" class=\"attachment-large size-large wp-image-1159\" alt=\"\" srcset=\"https:\/\/nova.art.pl\/pl\/wp-content\/uploads\/sites\/3\/2024\/04\/nao_8_maly-400x566-1.jpg 400w, https:\/\/nova.art.pl\/pl\/wp-content\/uploads\/sites\/3\/2024\/04\/nao_8_maly-400x566-1-212x300.jpg 212w\" sizes=\"(max-width: 400px) 100vw, 400px\" \/>\t\t\t\t\t\t\t\t\t\t\t\t\t\t\t<\/div>\n\t\t\t\t<\/div>\n\t\t\t\t<\/div>\n\t\t<div class=\"elementor-element elementor-element-5235fd1 e-con-full e-flex wpr-particle-no wpr-jarallax-no wpr-parallax-no wpr-sticky-section-no wpr-equal-height-no e-con e-child\" data-id=\"5235fd1\" data-element_type=\"container\" data-e-type=\"container\" data-settings=\"{&quot;_ha_eqh_enable&quot;:false}\">\n\t\t\t\t<\/div>\n\t\t<div class=\"elementor-element elementor-element-158b140 e-con-full e-flex wpr-particle-no wpr-jarallax-no wpr-parallax-no wpr-sticky-section-no wpr-equal-height-no e-con e-child\" data-id=\"158b140\" data-element_type=\"container\" data-e-type=\"container\" data-settings=\"{&quot;_ha_eqh_enable&quot;:false}\">\n\t\t\t\t<\/div>\n\t\t\t\t<\/div>\n\t\t\t\t<\/div>\n\t\t","protected":false},"excerpt":{"rendered":"<p>NEW ART ORDER W latach 2013-2022 odby\u0142y si\u0119 34 internetowe aukcje sztuki aktualnej New Art Order. Kilkadziesi\u0105t edycji powsta\u0142o we wsp\u00f3\u0142pracy z portalem Artinfo. Wychodz\u0105c naprzeciw wsp\u00f3\u0142czesnemu odbiorcy organizatorzy postanowili odej\u015b\u0107 od tradycyjnej formy aukcyjnej, tworz\u0105c tym samym \u00a0licytacj\u0119 wy\u0142\u0105cznie internetow\u0105, New Art Order \u015bmia\u0142o mo\u017cna zaliczy\u0107 do jednej z pierwszych aukcji tworzonych w formacie licytacji online. New Art Order \u0142\u0105czy w sobie z pocz\u0105tku ma\u0142o popularn\u0105 form\u0119 licytacji internetowej z wysokim poziomem prezentowanych w katalogu obiekt\u00f3w czo\u0142owych artyst\u00f3w. Media\u00a0 https:\/\/rynekisztuka.pl\/2013\/05\/20\/o-aukcji-sztuki-aktualnej-new-art-order\/http:\/\/krakow.pl\/get_pdf.php?dok_id=30061https:\/\/www.rp.pl\/ekonomia\/art12529101-sytuacja-na-polskim-rynku-sztuki-wspolczesnej-w-ocenie-galeriihttps:\/\/fragile.net.pl\/8-aukcja-new-art-order\/https:\/\/fragile.net.pl\/9-edycja-internetowej-aukcji-sztuki-aktualnej-new-art-order\/https:\/\/pieniadze.rp.pl\/sztuka\/art17413611-dynamiczna-czesc-rynku-z-potencjalem-inwestycyjnym<\/p>\n","protected":false},"author":1,"featured_media":0,"parent":0,"menu_order":0,"comment_status":"closed","ping_status":"closed","template":"elementor_header_footer","meta":{"_gspb_post_css":"","_vp_format_video_url":"","_vp_image_focal_point":[],"footnotes":""},"class_list":["post-96","page","type-page","status-publish","hentry"],"blocksy_meta":[],"rttpg_featured_image_url":null,"rttpg_author":{"display_name":"Arek","author_link":"https:\/\/nova.art.pl\/pl\/author\/admin\/"},"rttpg_comment":0,"rttpg_category":null,"rttpg_excerpt":"NEW ART ORDER W latach 2013-2022 odby\u0142y si\u0119 34 internetowe aukcje sztuki aktualnej New Art Order. Kilkadziesi\u0105t edycji powsta\u0142o we wsp\u00f3\u0142pracy z portalem Artinfo. Wychodz\u0105c naprzeciw wsp\u00f3\u0142czesnemu odbiorcy organizatorzy postanowili odej\u015b\u0107 od tradycyjnej formy aukcyjnej, tworz\u0105c tym samym \u00a0licytacj\u0119 wy\u0142\u0105cznie internetow\u0105, New Art Order \u015bmia\u0142o mo\u017cna zaliczy\u0107 do jednej z pierwszych aukcji tworzonych w formacie&hellip;","_links":{"self":[{"href":"https:\/\/nova.art.pl\/pl\/wp-json\/wp\/v2\/pages\/96","targetHints":{"allow":["GET"]}}],"collection":[{"href":"https:\/\/nova.art.pl\/pl\/wp-json\/wp\/v2\/pages"}],"about":[{"href":"https:\/\/nova.art.pl\/pl\/wp-json\/wp\/v2\/types\/page"}],"author":[{"embeddable":true,"href":"https:\/\/nova.art.pl\/pl\/wp-json\/wp\/v2\/users\/1"}],"replies":[{"embeddable":true,"href":"https:\/\/nova.art.pl\/pl\/wp-json\/wp\/v2\/comments?post=96"}],"version-history":[{"count":46,"href":"https:\/\/nova.art.pl\/pl\/wp-json\/wp\/v2\/pages\/96\/revisions"}],"predecessor-version":[{"id":4724,"href":"https:\/\/nova.art.pl\/pl\/wp-json\/wp\/v2\/pages\/96\/revisions\/4724"}],"wp:attachment":[{"href":"https:\/\/nova.art.pl\/pl\/wp-json\/wp\/v2\/media?parent=96"}],"curies":[{"name":"wp","href":"https:\/\/api.w.org\/{rel}","templated":true}]}}