{"id":93,"date":"2024-03-29T15:30:03","date_gmt":"2024-03-29T14:30:03","guid":{"rendered":"http:\/\/nova.art.pl\/pl\/?page_id=93"},"modified":"2025-09-20T10:52:04","modified_gmt":"2025-09-20T08:52:04","slug":"piekno-w-sztuce","status":"publish","type":"page","link":"https:\/\/nova.art.pl\/pl\/piekno-w-sztuce\/","title":{"rendered":"Pi\u0119kno w sztuce"},"content":{"rendered":"\t\t<div data-elementor-type=\"wp-page\" data-elementor-id=\"93\" class=\"elementor elementor-93\" data-elementor-settings=\"{&quot;ha_cmc_init_switcher&quot;:&quot;no&quot;}\">\n\t\t\t\t<div class=\"elementor-element elementor-element-2d8c78d e-con-full e-flex wpr-particle-no wpr-jarallax-no wpr-parallax-no wpr-sticky-section-no wpr-equal-height-no e-con e-parent\" data-id=\"2d8c78d\" data-element_type=\"container\" data-e-type=\"container\" data-settings=\"{&quot;_ha_eqh_enable&quot;:false}\">\n\t\t<div class=\"elementor-element elementor-element-23ea8de e-con-full e-flex wpr-particle-no wpr-jarallax-no wpr-parallax-no wpr-sticky-section-no wpr-equal-height-no e-con e-child\" data-id=\"23ea8de\" data-element_type=\"container\" data-e-type=\"container\" data-settings=\"{&quot;_ha_eqh_enable&quot;:false}\">\n\t\t\t\t<div class=\"elementor-element elementor-element-99de14e elementor-widget elementor-widget-text-editor\" data-id=\"99de14e\" data-element_type=\"widget\" data-e-type=\"widget\" data-widget_type=\"text-editor.default\">\n\t\t\t\t<div class=\"elementor-widget-container\">\n\t\t\t\t\t\t\t\t\t<p>PI\u0118KNO W SZTUCE<\/p>\t\t\t\t\t\t\t\t<\/div>\n\t\t\t\t<\/div>\n\t\t\t\t<\/div>\n\t\t\t\t<\/div>\n\t\t<div class=\"elementor-element elementor-element-46a5fc0 e-con-full e-flex wpr-particle-no wpr-jarallax-no wpr-parallax-no wpr-sticky-section-no wpr-equal-height-no e-con e-parent\" data-id=\"46a5fc0\" data-element_type=\"container\" data-e-type=\"container\" data-settings=\"{&quot;_ha_eqh_enable&quot;:false}\">\n\t\t<div class=\"elementor-element elementor-element-bbb7dcb e-con-full e-flex wpr-particle-no wpr-jarallax-no wpr-parallax-no wpr-sticky-section-no wpr-equal-height-no e-con e-child\" data-id=\"bbb7dcb\" data-element_type=\"container\" data-e-type=\"container\" data-settings=\"{&quot;_ha_eqh_enable&quot;:false}\">\n\t\t\t\t<div class=\"elementor-element elementor-element-5f4f6bd elementor-widget__width-initial elementor-widget elementor-widget-text-editor\" data-id=\"5f4f6bd\" data-element_type=\"widget\" data-e-type=\"widget\" data-widget_type=\"text-editor.default\">\n\t\t\t\t<div class=\"elementor-widget-container\">\n\t\t\t\t\t\t\t\t\t<p>W 2020 roku zaprosili\u015bmy kolekcjoner\u00f3w do udzia\u0142u w kolejnej edycji internetowej aukcji sztuki \u201ePi\u0119kno w sztuce\u201d organizowanej przez Art Agenda Nova, portal artinfo.pl oraz onebid.pl. \u201ePi\u0119kno w sztuce\u201d to nie tylko technika i wielobarwne pejza\u017ce mieni\u0105cych si\u0119 na p\u0142\u00f3tnie kolor\u00f3w. Zainspirowani ksi\u0105\u017ck\u0105 Umberto Eco \u201eHistoria pi\u0119kna\u201d postanowili\u015bmy przedstawi\u0107 je pod postaci\u0105 portret\u00f3w kobiet, ukazuj\u0105cych ich wra\u017cliwo\u015b\u0107, subtelno\u015b\u0107, a jednocze\u015bnie si\u0142\u0119. Kobiety pojawia\u0142y si\u0119 bowiem na p\u0142\u00f3tnach Wielkich Artyst\u00f3w od zawsze. By\u0142a \u201eDama z gronostajem\u201d Leonardo da Vinci (1490), by\u0142a Wenus z Urbino Tycjana (1538). By\u0142a \u201eVenus Verticordia\u201d Dante Gabriela Rosetti (1864), \u201eOfelia\u201d Johna Williama Waterhouse (1889), Akt B\u0142\u0119kitny Henri Matisse (1907), \u201eSiedz\u0105ca kobieta ze zgi\u0119tym kolanem\u201d Egona Schiele (1917) i niezliczone portrety ulubienic Picasso. Wszystkie pi\u0119kne, jedyne w swoim rodzaju magiczne istoty o niewinnym spojrzeniu. Kim dzi\u015b s\u0105 te kobiety? Tym pytaniem chcieliby\u015bmy zaprosi\u0107 Pa\u0144stwa do licytacji obraz\u00f3w m\u0142odych tw\u00f3rc\u00f3w, kt\u00f3rzy teraz jak niegdy\u015b wielcy, pozwalaj\u0105 odkrywa\u0107 nam Pi\u0119kno. Na nowo. Pierwsza aukcja New Art Order mia\u0142a miejsce w roku 2013 i by\u0142a to jedna z pierwszych aukcji internetowych. Przygotowywane przez Ma\u0142gorzat\u0119 i Marcina Go\u0142\u0119biewskich, od kilkunasty laty zajmuj\u0105cych si\u0119 m\u0142od\u0105 polsk\u0105 sztuk\u0105 i rynkiem sztuki, wyk\u0142adowcy, researcherzy. Wsp\u00f3\u0142pracuj\u0105cy z polskimi i zachodnimi domami aukcyjnymi, komentatorzy rynku m. in. dla Rzeczpospolitej, inwestycje.pl. Wielokrotnie wyr\u00f3\u017cniani za promocj\u0119 polskiej sztuki. Tym razem r\u00f3wnie\u017c pragniemy przedstawi\u0107 Pa\u0144stwu znanych, jak i debiutuj\u0105cych tw\u00f3rc\u00f3w i zach\u0119ci\u0107 do wsp\u00f3\u0142tworzenia z nami aukcji \u201ePi\u0119kno w sztuce\u201d.<\/p>\t\t\t\t\t\t\t\t<\/div>\n\t\t\t\t<\/div>\n\t\t\t\t<\/div>\n\t\t\t\t<\/div>\n\t\t\t\t<\/div>\n\t\t","protected":false},"excerpt":{"rendered":"<p>PI\u0118KNO W SZTUCE W 2020 roku zaprosili\u015bmy kolekcjoner\u00f3w do udzia\u0142u w kolejnej edycji internetowej aukcji sztuki \u201ePi\u0119kno w sztuce\u201d organizowanej przez Art Agenda Nova, portal artinfo.pl oraz onebid.pl. \u201ePi\u0119kno w sztuce\u201d to nie tylko technika i wielobarwne pejza\u017ce mieni\u0105cych si\u0119 na p\u0142\u00f3tnie kolor\u00f3w. Zainspirowani ksi\u0105\u017ck\u0105 Umberto Eco \u201eHistoria pi\u0119kna\u201d postanowili\u015bmy przedstawi\u0107 je pod postaci\u0105 portret\u00f3w kobiet, ukazuj\u0105cych ich wra\u017cliwo\u015b\u0107, subtelno\u015b\u0107, a jednocze\u015bnie si\u0142\u0119. Kobiety pojawia\u0142y si\u0119 bowiem na p\u0142\u00f3tnach Wielkich Artyst\u00f3w od zawsze. By\u0142a \u201eDama z gronostajem\u201d Leonardo da Vinci (1490), by\u0142a Wenus z Urbino Tycjana (1538). By\u0142a \u201eVenus Verticordia\u201d Dante Gabriela Rosetti (1864), \u201eOfelia\u201d Johna Williama Waterhouse (1889), Akt B\u0142\u0119kitny Henri Matisse (1907), \u201eSiedz\u0105ca kobieta ze zgi\u0119tym kolanem\u201d Egona Schiele (1917) i niezliczone portrety ulubienic Picasso. Wszystkie pi\u0119kne, jedyne w swoim rodzaju magiczne istoty o niewinnym spojrzeniu. Kim dzi\u015b s\u0105 te kobiety? Tym pytaniem chcieliby\u015bmy zaprosi\u0107 Pa\u0144stwa do licytacji obraz\u00f3w m\u0142odych tw\u00f3rc\u00f3w, kt\u00f3rzy teraz jak niegdy\u015b wielcy, pozwalaj\u0105 odkrywa\u0107 nam Pi\u0119kno. Na nowo. Pierwsza aukcja New Art Order mia\u0142a miejsce w roku 2013 i by\u0142a to jedna z pierwszych aukcji internetowych. Przygotowywane przez Ma\u0142gorzat\u0119 i Marcina Go\u0142\u0119biewskich, od kilkunasty laty zajmuj\u0105cych si\u0119 m\u0142od\u0105 polsk\u0105 sztuk\u0105 i rynkiem sztuki, wyk\u0142adowcy, researcherzy. Wsp\u00f3\u0142pracuj\u0105cy z polskimi i zachodnimi domami aukcyjnymi, komentatorzy rynku m. in. dla Rzeczpospolitej, inwestycje.pl. Wielokrotnie wyr\u00f3\u017cniani za promocj\u0119 polskiej sztuki. Tym razem r\u00f3wnie\u017c pragniemy przedstawi\u0107 Pa\u0144stwu znanych, jak i debiutuj\u0105cych tw\u00f3rc\u00f3w i zach\u0119ci\u0107 do wsp\u00f3\u0142tworzenia z nami aukcji \u201ePi\u0119kno w sztuce\u201d.<\/p>\n","protected":false},"author":1,"featured_media":0,"parent":0,"menu_order":0,"comment_status":"closed","ping_status":"closed","template":"","meta":{"_gspb_post_css":"","_vp_format_video_url":"","_vp_image_focal_point":[],"footnotes":""},"class_list":["post-93","page","type-page","status-publish","hentry"],"blocksy_meta":[],"rttpg_featured_image_url":null,"rttpg_author":{"display_name":"Arek","author_link":"https:\/\/nova.art.pl\/pl\/author\/admin\/"},"rttpg_comment":0,"rttpg_category":null,"rttpg_excerpt":"PI\u0118KNO W SZTUCE W 2020 roku zaprosili\u015bmy kolekcjoner\u00f3w do udzia\u0142u w kolejnej edycji internetowej aukcji sztuki \u201ePi\u0119kno w sztuce\u201d organizowanej przez Art Agenda Nova, portal artinfo.pl oraz onebid.pl. \u201ePi\u0119kno w sztuce\u201d to nie tylko technika i wielobarwne pejza\u017ce mieni\u0105cych si\u0119 na p\u0142\u00f3tnie kolor\u00f3w. Zainspirowani ksi\u0105\u017ck\u0105 Umberto Eco \u201eHistoria pi\u0119kna\u201d postanowili\u015bmy przedstawi\u0107 je pod postaci\u0105 portret\u00f3w&hellip;","_links":{"self":[{"href":"https:\/\/nova.art.pl\/pl\/wp-json\/wp\/v2\/pages\/93","targetHints":{"allow":["GET"]}}],"collection":[{"href":"https:\/\/nova.art.pl\/pl\/wp-json\/wp\/v2\/pages"}],"about":[{"href":"https:\/\/nova.art.pl\/pl\/wp-json\/wp\/v2\/types\/page"}],"author":[{"embeddable":true,"href":"https:\/\/nova.art.pl\/pl\/wp-json\/wp\/v2\/users\/1"}],"replies":[{"embeddable":true,"href":"https:\/\/nova.art.pl\/pl\/wp-json\/wp\/v2\/comments?post=93"}],"version-history":[{"count":52,"href":"https:\/\/nova.art.pl\/pl\/wp-json\/wp\/v2\/pages\/93\/revisions"}],"predecessor-version":[{"id":4721,"href":"https:\/\/nova.art.pl\/pl\/wp-json\/wp\/v2\/pages\/93\/revisions\/4721"}],"wp:attachment":[{"href":"https:\/\/nova.art.pl\/pl\/wp-json\/wp\/v2\/media?parent=93"}],"curies":[{"name":"wp","href":"https:\/\/api.w.org\/{rel}","templated":true}]}}