{"id":79,"date":"2024-03-29T15:16:47","date_gmt":"2024-03-29T14:16:47","guid":{"rendered":"http:\/\/nova.art.pl\/pl\/?page_id=79"},"modified":"2025-04-11T17:22:34","modified_gmt":"2025-04-11T15:22:34","slug":"wystawy","status":"publish","type":"page","link":"https:\/\/nova.art.pl\/pl\/wystawy\/","title":{"rendered":"WYSTAWY"},"content":{"rendered":"\t\t<div data-elementor-type=\"wp-page\" data-elementor-id=\"79\" class=\"elementor elementor-79\" data-elementor-settings=\"{&quot;ha_cmc_init_switcher&quot;:&quot;no&quot;}\">\n\t\t\t\t<div class=\"elementor-element elementor-element-d5ea1e8 e-con-full e-flex wpr-particle-no wpr-jarallax-no wpr-parallax-no wpr-sticky-section-no wpr-equal-height-no e-con e-parent\" data-id=\"d5ea1e8\" data-element_type=\"container\" data-e-type=\"container\" data-settings=\"{&quot;_ha_eqh_enable&quot;:false}\">\n\t\t\t\t<div class=\"elementor-element elementor-element-27f82b0 elementor-widget elementor-widget-image\" data-id=\"27f82b0\" data-element_type=\"widget\" data-e-type=\"widget\" data-widget_type=\"image.default\">\n\t\t\t\t<div class=\"elementor-widget-container\">\n\t\t\t\t\t\t\t\t\t\t\t\t\t\t\t<img fetchpriority=\"high\" decoding=\"async\" width=\"1920\" height=\"1080\" src=\"https:\/\/nova.art.pl\/pl\/wp-content\/uploads\/sites\/3\/2025\/04\/BANER-NBSC-fb.jpg\" class=\"attachment-full size-full wp-image-3640\" alt=\"\" srcset=\"https:\/\/nova.art.pl\/pl\/wp-content\/uploads\/sites\/3\/2025\/04\/BANER-NBSC-fb.jpg 1920w, https:\/\/nova.art.pl\/pl\/wp-content\/uploads\/sites\/3\/2025\/04\/BANER-NBSC-fb-300x169.jpg 300w, https:\/\/nova.art.pl\/pl\/wp-content\/uploads\/sites\/3\/2025\/04\/BANER-NBSC-fb-1024x576.jpg 1024w, https:\/\/nova.art.pl\/pl\/wp-content\/uploads\/sites\/3\/2025\/04\/BANER-NBSC-fb-768x432.jpg 768w, https:\/\/nova.art.pl\/pl\/wp-content\/uploads\/sites\/3\/2025\/04\/BANER-NBSC-fb-1536x864.jpg 1536w, https:\/\/nova.art.pl\/pl\/wp-content\/uploads\/sites\/3\/2025\/04\/BANER-NBSC-fb-500x281.jpg 500w, https:\/\/nova.art.pl\/pl\/wp-content\/uploads\/sites\/3\/2025\/04\/BANER-NBSC-fb-800x450.jpg 800w, https:\/\/nova.art.pl\/pl\/wp-content\/uploads\/sites\/3\/2025\/04\/BANER-NBSC-fb-1280x720.jpg 1280w\" sizes=\"(max-width: 1920px) 100vw, 1920px\" \/>\t\t\t\t\t\t\t\t\t\t\t\t\t\t\t<\/div>\n\t\t\t\t<\/div>\n\t\t\t\t<\/div>\n\t\t<div class=\"elementor-element elementor-element-90c6eaa e-flex e-con-boxed wpr-particle-no wpr-jarallax-no wpr-parallax-no wpr-sticky-section-no wpr-equal-height-no e-con e-parent\" data-id=\"90c6eaa\" data-element_type=\"container\" data-e-type=\"container\" data-settings=\"{&quot;_ha_eqh_enable&quot;:false}\">\n\t\t\t\t\t<div class=\"e-con-inner\">\n\t\t<div class=\"elementor-element elementor-element-b6e5232 e-con-full e-flex wpr-particle-no wpr-jarallax-no wpr-parallax-no wpr-sticky-section-no wpr-equal-height-no elementor-invisible e-con e-child\" data-id=\"b6e5232\" data-element_type=\"container\" data-e-type=\"container\" data-settings=\"{&quot;animation&quot;:&quot;fadeIn&quot;,&quot;_ha_eqh_enable&quot;:false}\">\n\t\t\t\t<div class=\"elementor-element elementor-element-681d6bd elementor-widget-divider--view-line elementor-widget elementor-widget-divider\" data-id=\"681d6bd\" data-element_type=\"widget\" data-e-type=\"widget\" data-widget_type=\"divider.default\">\n\t\t\t\t<div class=\"elementor-widget-container\">\n\t\t\t\t\t\t\t<div class=\"elementor-divider\">\n\t\t\t<span class=\"elementor-divider-separator\">\n\t\t\t\t\t\t<\/span>\n\t\t<\/div>\n\t\t\t\t\t\t<\/div>\n\t\t\t\t<\/div>\n\t\t\t\t<div class=\"elementor-element elementor-element-b4fcc6d elementor-widget__width-initial elementor-widget elementor-widget-text-editor\" data-id=\"b4fcc6d\" data-element_type=\"widget\" data-e-type=\"widget\" data-widget_type=\"text-editor.default\">\n\t\t\t\t<div class=\"elementor-widget-container\">\n\t\t\t\t\t\t\t\t\t<h6><strong>Czas trwania<\/strong><\/h6><p>25.04-30.05.2025<\/p>\t\t\t\t\t\t\t\t<\/div>\n\t\t\t\t<\/div>\n\t\t\t\t<div class=\"elementor-element elementor-element-b226d6d elementor-widget__width-initial elementor-widget elementor-widget-text-editor\" data-id=\"b226d6d\" data-element_type=\"widget\" data-e-type=\"widget\" data-widget_type=\"text-editor.default\">\n\t\t\t\t<div class=\"elementor-widget-container\">\n\t\t\t\t\t\t\t\t\t<h6><strong>Otwarcie wystawy<\/strong><\/h6><p>wernisa\u017c: 7 marca 2025 r., 18:00\u00a0<br \/>opening: 04\/25\/2025 6pm<\/p>\t\t\t\t\t\t\t\t<\/div>\n\t\t\t\t<\/div>\n\t\t\t\t<div class=\"elementor-element elementor-element-a8cdaf5 elementor-widget__width-initial elementor-widget elementor-widget-text-editor\" data-id=\"a8cdaf5\" data-element_type=\"widget\" data-e-type=\"widget\" data-widget_type=\"text-editor.default\">\n\t\t\t\t<div class=\"elementor-widget-container\">\n\t\t\t\t\t\t\t\t\t<h6><strong>Godziny zwiedzania<\/strong><\/h6><p>Poniedzia\u0142ek \u2013 pi\u0105tek: 09:00 \u2013 17:00<\/p>\t\t\t\t\t\t\t\t<\/div>\n\t\t\t\t<\/div>\n\t\t\t\t<div class=\"elementor-element elementor-element-88219f2 elementor-widget-divider--view-line elementor-widget elementor-widget-divider\" data-id=\"88219f2\" data-element_type=\"widget\" data-e-type=\"widget\" data-widget_type=\"divider.default\">\n\t\t\t\t<div class=\"elementor-widget-container\">\n\t\t\t\t\t\t\t<div class=\"elementor-divider\">\n\t\t\t<span class=\"elementor-divider-separator\">\n\t\t\t\t\t\t<\/span>\n\t\t<\/div>\n\t\t\t\t\t\t<\/div>\n\t\t\t\t<\/div>\n\t\t\t\t<\/div>\n\t\t\t\t\t<\/div>\n\t\t\t\t<\/div>\n\t\t<div class=\"elementor-element elementor-element-87f54f4 e-flex e-con-boxed wpr-particle-no wpr-jarallax-no wpr-parallax-no wpr-sticky-section-no wpr-equal-height-no e-con e-parent\" data-id=\"87f54f4\" data-element_type=\"container\" data-e-type=\"container\" data-settings=\"{&quot;_ha_eqh_enable&quot;:false}\">\n\t\t\t\t\t<div class=\"e-con-inner\">\n\t\t<div class=\"elementor-element elementor-element-d13bcd9 e-con-full e-flex wpr-particle-no wpr-jarallax-no wpr-parallax-no wpr-sticky-section-no wpr-equal-height-no elementor-invisible e-con e-child\" data-id=\"d13bcd9\" data-element_type=\"container\" data-e-type=\"container\" data-settings=\"{&quot;animation&quot;:&quot;fadeIn&quot;,&quot;_ha_eqh_enable&quot;:false}\">\n\t\t\t\t<div class=\"elementor-element elementor-element-5083090 elementor-widget__width-initial elementor-widget elementor-widget-text-editor\" data-id=\"5083090\" data-element_type=\"widget\" data-e-type=\"widget\" data-widget_type=\"text-editor.default\">\n\t\t\t\t<div class=\"elementor-widget-container\">\n\t\t\t\t\t\t\t\t\t<h6><strong>O wystawie<\/strong><\/h6><p><strong>Nie b\u00f3j si\u0119 cieni<br \/><\/strong><strong>Don&#8217;t fear the shadows<\/strong><br \/><strong>Arty\u015bci\/Artists<\/strong><strong>:<\/strong> Krzysztof Gil, Magdalena Lazar, Edyta Olszewska, Patrycja Pi\u0119tka, \u0141ukasz Stok\u0142osa, \u0141ukasz Surowiec, Jakub Woynarowski, Micha\u0142 Zawada<br \/><strong>Kuratorka\/curator:<\/strong> Katarzyna Mierzwi\u0144ska<\/p>\t\t\t\t\t\t\t\t<\/div>\n\t\t\t\t<\/div>\n\t\t\t\t<\/div>\n\t\t\t\t\t<\/div>\n\t\t\t\t<\/div>\n\t\t<div class=\"elementor-element elementor-element-96c0eda e-flex e-con-boxed wpr-particle-no wpr-jarallax-no wpr-parallax-no wpr-sticky-section-no wpr-equal-height-no e-con e-parent\" data-id=\"96c0eda\" data-element_type=\"container\" data-e-type=\"container\" data-settings=\"{&quot;_ha_eqh_enable&quot;:false}\">\n\t\t\t\t\t<div class=\"e-con-inner\">\n\t\t\t\t<div class=\"elementor-element elementor-element-c8b6448 elementor-widget-divider--view-line elementor-widget elementor-widget-divider\" data-id=\"c8b6448\" data-element_type=\"widget\" data-e-type=\"widget\" data-widget_type=\"divider.default\">\n\t\t\t\t<div class=\"elementor-widget-container\">\n\t\t\t\t\t\t\t<div class=\"elementor-divider\">\n\t\t\t<span class=\"elementor-divider-separator\">\n\t\t\t\t\t\t<\/span>\n\t\t<\/div>\n\t\t\t\t\t\t<\/div>\n\t\t\t\t<\/div>\n\t\t\t\t\t<\/div>\n\t\t\t\t<\/div>\n\t\t<div class=\"elementor-element elementor-element-556b0a1 e-flex e-con-boxed wpr-particle-no wpr-jarallax-no wpr-parallax-no wpr-sticky-section-no wpr-equal-height-no e-con e-parent\" data-id=\"556b0a1\" data-element_type=\"container\" data-e-type=\"container\" data-settings=\"{&quot;_ha_eqh_enable&quot;:false}\">\n\t\t\t\t\t<div class=\"e-con-inner\">\n\t\t\t\t<div class=\"elementor-element elementor-element-6e8fc91 elementor-widget__width-initial elementor-widget elementor-widget-text-editor\" data-id=\"6e8fc91\" data-element_type=\"widget\" data-e-type=\"widget\" data-widget_type=\"text-editor.default\">\n\t\t\t\t<div class=\"elementor-widget-container\">\n\t\t\t\t\t\t\t\t\t<p><strong>wystawa odbywa si\u0119 w ramach Cracow Art Week KRAKERS 2025: <em>Chwilami my\u015bl\u0119, \u017ce \u015bni\u0119<\/em><\/strong><\/p>\t\t\t\t\t\t\t\t<\/div>\n\t\t\t\t<\/div>\n\t\t\t\t<div class=\"elementor-element elementor-element-acf8b96 elementor-widget-divider--view-line elementor-widget elementor-widget-divider\" data-id=\"acf8b96\" data-element_type=\"widget\" data-e-type=\"widget\" data-widget_type=\"divider.default\">\n\t\t\t\t<div class=\"elementor-widget-container\">\n\t\t\t\t\t\t\t<div class=\"elementor-divider\">\n\t\t\t<span class=\"elementor-divider-separator\">\n\t\t\t\t\t\t<\/span>\n\t\t<\/div>\n\t\t\t\t\t\t<\/div>\n\t\t\t\t<\/div>\n\t\t\t\t<div class=\"elementor-element elementor-element-8dec142 elementor-widget__width-initial elementor-widget elementor-widget-text-editor\" data-id=\"8dec142\" data-element_type=\"widget\" data-e-type=\"widget\" data-widget_type=\"text-editor.default\">\n\t\t\t\t<div class=\"elementor-widget-container\">\n\t\t\t\t\t\t\t\t\t<p>Cie\u0144 jest zjawiskiem \u0142\u0105cz\u0105cym w sobie dwie, na poz\u00f3r przeciwstawne emocje \u2013 niepok\u00f3j i\u00a0ciekawo\u015b\u0107. Ma potencja\u0142 ukrywania, zaciemniania zjawisk i rzeczy, przy jednoczesnym ukazywaniu ich drugiej natury. Mo\u017ce bardziej tragikomicznej, mo\u017ce chropowatej i groteskowej, a jednak r\u00f3wnie prawdziwej. Cie\u0144 jest bowiem nieod\u0142\u0105cznym elementem \u015bwiat\u0142a, symbolem tego, co ukryte, nieuchwytne, a zarazem obecne. Im intensywniejsze \u015bwiat\u0142o, tym bardziej wyra\u017any cie\u0144. Tylko po\u0142\u0105czenie dw\u00f3ch potencjalnie odleg\u0142ych element\u00f3w jest drog\u0105 do pe\u0142ni, w kt\u00f3rej oba sk\u0142adniki traktujemy r\u00f3wnorz\u0119dnie &#8211; s\u0105 uznane i zrozumiane.<\/p><p>Punktem wyj\u015bcia do pracy nad ide\u0105 wystawy jest cytat z Oscara Wilde \u201eNie b\u00f3j si\u0119 cieni, one tylko oznaczaj\u0105, \u017ce gdzie\u015b \u015bwieci \u015bwiat\u0142o\u201d. Ich oczywista przenikliwo\u015b\u0107 sprawia, \u017ce stanowi\u0105 podstaw\u0119 do rozwa\u017ca\u0144, kt\u00f3re s\u0105 immanentnym elementem wystawy, odbitym na p\u0142\u00f3tnach i w obiektach znajduj\u0105cych si\u0119 w przestrzeni oddanej do dyspozycji widz\u00f3w.<\/p><p>\u00a0<\/p><p>Wystawa prezentowana w przestrzeni Art Agenda Nova to zaproszenie do odkrywania poprzez pot\u0119gowanie ciekawo\u015bci i poszukiwane istotnych i wa\u017cnych element\u00f3w w miejscach cz\u0119sto dla widza niezauwa\u017calnych, mo\u017ce wstydliwych, przepe\u0142nionych smutkiem, szerzej\u00a0 ujmuj\u0105c niekomfortowych. Si\u0119gania do siebie, poznawania ciemno\u015bci, oswajania obecnego w ka\u017cdym bycie mroku. Prace artyst\u00f3w prezentowanych na wystawie wchodz\u0105 w dialog ze sob\u0105 i z widowni\u0105, ukazuj\u0105 zjawisko cienia w bardzo szeroki spos\u00f3b: od nawi\u0105za\u0144 filmowych, rozmy\u015bla\u0144 odnosz\u0105cych si\u0119 do ekologii i\u00a0archeologii, ludzkiej, intymnej i \u201eciemnej\u201d sensualno\u015bci, a\u017c do pe\u0142nych niepokoju rozwa\u017ca\u0144 i medytacji nad znan\u0105 i\u00a0czyteln\u0105 symbolik\u0105 \u0142\u0105cz\u0105c\u0105 odbiorc\u0119 z przesz\u0142o\u015bci\u0105. \u201eNie b\u00f3j si\u0119 cieni\u201d to pr\u00f3ba po\u0142\u0105czenia emocjonalnej podr\u00f3\u017cy z odniesieniami do otaczaj\u0105cej nas rzeczywisto\u015bci. Gdzie\u015b na styku. Pomi\u0119dzy.<\/p>\t\t\t\t\t\t\t\t<\/div>\n\t\t\t\t<\/div>\n\t\t\t\t<div class=\"elementor-element elementor-element-467244e elementor-widget-divider--view-line elementor-widget elementor-widget-divider\" data-id=\"467244e\" data-element_type=\"widget\" data-e-type=\"widget\" data-widget_type=\"divider.default\">\n\t\t\t\t<div class=\"elementor-widget-container\">\n\t\t\t\t\t\t\t<div class=\"elementor-divider\">\n\t\t\t<span class=\"elementor-divider-separator\">\n\t\t\t\t\t\t<\/span>\n\t\t<\/div>\n\t\t\t\t\t\t<\/div>\n\t\t\t\t<\/div>\n\t\t\t\t<div class=\"elementor-element elementor-element-3fcf6b0 elementor-widget__width-initial elementor-widget elementor-widget-text-editor\" data-id=\"3fcf6b0\" data-element_type=\"widget\" data-e-type=\"widget\" data-widget_type=\"text-editor.default\">\n\t\t\t\t<div class=\"elementor-widget-container\">\n\t\t\t\t\t\t\t\t\t<h6>ENG<\/h6>\t\t\t\t\t\t\t\t<\/div>\n\t\t\t\t<\/div>\n\t\t\t\t<div class=\"elementor-element elementor-element-e03a7e0 elementor-widget__width-initial elementor-widget elementor-widget-text-editor\" data-id=\"e03a7e0\" data-element_type=\"widget\" data-e-type=\"widget\" data-widget_type=\"text-editor.default\">\n\t\t\t\t<div class=\"elementor-widget-container\">\n\t\t\t\t\t\t\t\t\t<p><strong>The Exhibition is part of the main programme of Cracow Art Week KRAKERS 2025: Sometimes I feel I am dreaming<\/strong><\/p><p>Shadow is a phenomenon that combines two seemingly opposing emotions \u2013 anxiety and curiosity. It has potential to hide, obscure phenomena and things, while simultaneously revealing their second nature. Perhaps more tragicomic, perhaps rough and grotesque, and yet equally true. Shadow is an inseparable element of light, a symbol of what is hidden, elusive, and yet present. The more intense the light, the more distinct the shadow. Only the combination of two potentially distant elements is the path to fullness, in which both components are treated equally \u2013 they are recognized and understood.<\/p><p>The starting point for working on the idea of the exhibition is a quote from Oscar Wilde: \u201cDon&#8217;t be afraid of shadows, they only mean that light shines somewhere\u201d. Their obvious perspicacity makes them the basis for considerations that are an immanent element of the exhibition, reflected on the canvases and in objects located in the space made available to viewers.<\/p><p>The exhibition presented in the Art Agenda Nova space is an invitation to discover by intensifying curiosity and searching for essential and important elements in places that are often invisible to the viewer, perhaps embarrassing, filled with sadness, or, more broadly speaking, uncomfortable. Reaching into oneself, getting to know the darkness, taming the darkness present in every being. The works of the artists presented at the exhibition enter into a dialogue with each other and with the audience, showing the phenomenon of shadow in a very broad way: from film references, reflections referring to ecology and archeology, human, intimate and &#8222;dark&#8221; sensuality, to anxious considerations and meditations on the well-known and clear symbolism connecting the recipient with the past. &#8222;Don&#8217;t be afraid of the shadows&#8221; is an attempt to combine an emotional journey with references to the reality surrounding us. Somewhere on the border. In between.<\/p>\t\t\t\t\t\t\t\t<\/div>\n\t\t\t\t<\/div>\n\t\t\t\t\t<\/div>\n\t\t\t\t<\/div>\n\t\t\t\t<\/div>\n\t\t","protected":false},"excerpt":{"rendered":"<p>Czas trwania 25.04-30.05.2025 Otwarcie wystawy wernisa\u017c: 7 marca 2025 r., 18:00\u00a0opening: 04\/25\/2025 6pm Godziny zwiedzania Poniedzia\u0142ek \u2013 pi\u0105tek: 09:00 \u2013 17:00 O wystawie Nie b\u00f3j si\u0119 cieniDon&#8217;t fear the shadowsArty\u015bci\/Artists: Krzysztof Gil, Magdalena Lazar, Edyta Olszewska, Patrycja Pi\u0119tka, \u0141ukasz Stok\u0142osa, \u0141ukasz Surowiec, Jakub Woynarowski, Micha\u0142 ZawadaKuratorka\/curator: Katarzyna Mierzwi\u0144ska wystawa odbywa si\u0119 w ramach Cracow Art Week KRAKERS 2025: Chwilami my\u015bl\u0119, \u017ce \u015bni\u0119 Cie\u0144 jest zjawiskiem \u0142\u0105cz\u0105cym w sobie dwie, na poz\u00f3r przeciwstawne emocje \u2013 niepok\u00f3j i\u00a0ciekawo\u015b\u0107. Ma potencja\u0142 ukrywania, zaciemniania zjawisk i rzeczy, przy jednoczesnym ukazywaniu ich drugiej natury. Mo\u017ce bardziej tragikomicznej, mo\u017ce chropowatej i groteskowej, a jednak r\u00f3wnie prawdziwej. Cie\u0144 jest bowiem nieod\u0142\u0105cznym elementem \u015bwiat\u0142a, symbolem tego, co ukryte, nieuchwytne, a zarazem obecne. Im intensywniejsze \u015bwiat\u0142o, tym bardziej wyra\u017any cie\u0144. Tylko po\u0142\u0105czenie dw\u00f3ch potencjalnie odleg\u0142ych element\u00f3w jest drog\u0105 do pe\u0142ni, w kt\u00f3rej oba sk\u0142adniki traktujemy r\u00f3wnorz\u0119dnie &#8211; s\u0105 uznane i zrozumiane. Punktem wyj\u015bcia do pracy nad ide\u0105 wystawy jest cytat z Oscara Wilde \u201eNie b\u00f3j si\u0119 cieni, one tylko oznaczaj\u0105, \u017ce gdzie\u015b \u015bwieci \u015bwiat\u0142o\u201d. Ich oczywista przenikliwo\u015b\u0107 sprawia, \u017ce stanowi\u0105 podstaw\u0119 do rozwa\u017ca\u0144, kt\u00f3re s\u0105 immanentnym elementem wystawy, odbitym na p\u0142\u00f3tnach i w obiektach znajduj\u0105cych si\u0119 w przestrzeni oddanej do dyspozycji widz\u00f3w. \u00a0 Wystawa prezentowana w przestrzeni Art Agenda Nova to zaproszenie do odkrywania poprzez pot\u0119gowanie ciekawo\u015bci i poszukiwane istotnych i wa\u017cnych element\u00f3w w miejscach cz\u0119sto dla widza niezauwa\u017calnych, mo\u017ce wstydliwych, przepe\u0142nionych smutkiem, szerzej\u00a0 ujmuj\u0105c niekomfortowych. Si\u0119gania do siebie, poznawania ciemno\u015bci, oswajania obecnego w ka\u017cdym bycie mroku. Prace artyst\u00f3w prezentowanych na wystawie wchodz\u0105 w dialog ze sob\u0105 i z widowni\u0105, ukazuj\u0105 zjawisko cienia w bardzo szeroki spos\u00f3b: od nawi\u0105za\u0144 filmowych, rozmy\u015bla\u0144 odnosz\u0105cych si\u0119 do ekologii i\u00a0archeologii, ludzkiej, intymnej i \u201eciemnej\u201d sensualno\u015bci, a\u017c do pe\u0142nych niepokoju rozwa\u017ca\u0144 i medytacji nad znan\u0105 i\u00a0czyteln\u0105 symbolik\u0105 \u0142\u0105cz\u0105c\u0105 odbiorc\u0119 z przesz\u0142o\u015bci\u0105. \u201eNie b\u00f3j si\u0119 cieni\u201d to pr\u00f3ba po\u0142\u0105czenia emocjonalnej podr\u00f3\u017cy z odniesieniami do otaczaj\u0105cej nas rzeczywisto\u015bci. Gdzie\u015b na styku. Pomi\u0119dzy. ENG The Exhibition is part of the main programme of Cracow Art Week KRAKERS 2025: Sometimes I feel I am dreaming Shadow is a phenomenon that combines two seemingly opposing emotions \u2013 anxiety and curiosity. It has potential to hide, obscure phenomena and things, while simultaneously revealing their second nature. Perhaps more tragicomic, perhaps rough and grotesque, and yet equally true. Shadow is an inseparable element of light, a symbol of what is hidden, elusive, and yet present. The more intense the light, the more distinct the shadow. Only the combination of two potentially distant elements is the path to fullness, in which both components are treated equally \u2013 they are recognized and understood. The starting point for working on the idea of the exhibition is a quote from Oscar Wilde: \u201cDon&#8217;t be afraid of shadows, they only mean that light shines somewhere\u201d. Their obvious perspicacity makes them the basis for considerations that are an immanent element of the exhibition, reflected on the canvases and in objects located in the space made available to viewers. The exhibition presented in the Art Agenda Nova space is an invitation to discover by intensifying curiosity and searching for essential and important elements in places that are often invisible to the viewer, perhaps embarrassing, filled with sadness, or, more broadly speaking, uncomfortable. Reaching into oneself, getting to know the darkness, taming the darkness present in every being. The works of the artists presented at the exhibition enter into a dialogue with each other and with the audience, showing the phenomenon of shadow in a very broad way: from film references, reflections referring to ecology and archeology, human, intimate and &#8222;dark&#8221; sensuality, to anxious considerations and meditations on the well-known and clear symbolism connecting the recipient with the past. &#8222;Don&#8217;t be afraid of the shadows&#8221; is an attempt to combine an emotional journey with references to the reality surrounding us. Somewhere on the border. In between.<\/p>\n","protected":false},"author":1,"featured_media":0,"parent":0,"menu_order":0,"comment_status":"closed","ping_status":"closed","template":"","meta":{"_gspb_post_css":"","_vp_format_video_url":"","_vp_image_focal_point":[],"footnotes":""},"class_list":["post-79","page","type-page","status-publish","hentry"],"blocksy_meta":[],"rttpg_featured_image_url":null,"rttpg_author":{"display_name":"Arek","author_link":"https:\/\/nova.art.pl\/pl\/author\/admin\/"},"rttpg_comment":0,"rttpg_category":null,"rttpg_excerpt":"Czas trwania 25.04-30.05.2025 Otwarcie wystawy wernisa\u017c: 7 marca 2025 r., 18:00\u00a0opening: 04\/25\/2025 6pm Godziny zwiedzania Poniedzia\u0142ek \u2013 pi\u0105tek: 09:00 \u2013 17:00 O wystawie Nie b\u00f3j si\u0119 cieniDon&#8217;t fear the shadowsArty\u015bci\/Artists: Krzysztof Gil, Magdalena Lazar, Edyta Olszewska, Patrycja Pi\u0119tka, \u0141ukasz Stok\u0142osa, \u0141ukasz Surowiec, Jakub Woynarowski, Micha\u0142 ZawadaKuratorka\/curator: Katarzyna Mierzwi\u0144ska wystawa odbywa si\u0119 w ramach Cracow Art&hellip;","_links":{"self":[{"href":"https:\/\/nova.art.pl\/pl\/wp-json\/wp\/v2\/pages\/79","targetHints":{"allow":["GET"]}}],"collection":[{"href":"https:\/\/nova.art.pl\/pl\/wp-json\/wp\/v2\/pages"}],"about":[{"href":"https:\/\/nova.art.pl\/pl\/wp-json\/wp\/v2\/types\/page"}],"author":[{"embeddable":true,"href":"https:\/\/nova.art.pl\/pl\/wp-json\/wp\/v2\/users\/1"}],"replies":[{"embeddable":true,"href":"https:\/\/nova.art.pl\/pl\/wp-json\/wp\/v2\/comments?post=79"}],"version-history":[{"count":19,"href":"https:\/\/nova.art.pl\/pl\/wp-json\/wp\/v2\/pages\/79\/revisions"}],"predecessor-version":[{"id":3643,"href":"https:\/\/nova.art.pl\/pl\/wp-json\/wp\/v2\/pages\/79\/revisions\/3643"}],"wp:attachment":[{"href":"https:\/\/nova.art.pl\/pl\/wp-json\/wp\/v2\/media?parent=79"}],"curies":[{"name":"wp","href":"https:\/\/api.w.org\/{rel}","templated":true}]}}