{"id":77,"date":"2024-03-29T15:16:33","date_gmt":"2024-03-29T14:16:33","guid":{"rendered":"http:\/\/nova.art.pl\/pl\/?page_id=77"},"modified":"2026-03-05T21:09:57","modified_gmt":"2026-03-05T20:09:57","slug":"aukcje","status":"publish","type":"page","link":"https:\/\/nova.art.pl\/pl\/aukcje\/","title":{"rendered":"AUKCJE"},"content":{"rendered":"\t\t<div data-elementor-type=\"wp-page\" data-elementor-id=\"77\" class=\"elementor elementor-77\" data-elementor-settings=\"{&quot;ha_cmc_init_switcher&quot;:&quot;no&quot;}\">\n\t\t\t\t<div class=\"elementor-element elementor-element-d74260c e-con-full e-flex wpr-particle-no wpr-jarallax-no wpr-parallax-no wpr-sticky-section-no wpr-equal-height-no e-con e-parent\" data-id=\"d74260c\" data-element_type=\"container\" data-e-type=\"container\" data-settings=\"{&quot;_ha_eqh_enable&quot;:false}\">\n\t\t<div class=\"elementor-element elementor-element-dda35c4 e-con-full e-flex wpr-particle-no wpr-jarallax-no wpr-parallax-no wpr-sticky-section-no wpr-equal-height-no e-con e-child\" data-id=\"dda35c4\" data-element_type=\"container\" data-e-type=\"container\" data-settings=\"{&quot;_ha_eqh_enable&quot;:false}\">\n\t\t\t\t<div class=\"elementor-element elementor-element-727e7a1 elementor-widget-tablet__width-initial elementor-widget elementor-widget-text-editor\" data-id=\"727e7a1\" data-element_type=\"widget\" data-e-type=\"widget\" data-widget_type=\"text-editor.default\">\n\t\t\t\t<div class=\"elementor-widget-container\">\n\t\t\t\t\t\t\t\t\t<p>Aukcje<\/p><p><a href=\"https:\/\/nova.art.pl\/pl\/piekno-w-sztuce\/\">Pi\u0119kno w sztuce<\/a><br \/><a href=\"https:\/\/nova.art.pl\/pl\/new-art-order\/\">New Art Order<\/a><br \/><a href=\"https:\/\/nova.art.pl\/pl\/galicyjska-aukcja-sztuki-wspolczesnej\/\">Galicyjska Aukcja Sztuki Wsp\u00f3\u0142czesnej<\/a><\/p>\t\t\t\t\t\t\t\t<\/div>\n\t\t\t\t<\/div>\n\t\t\t\t<\/div>\n\t\t\t\t<\/div>\n\t\t<div class=\"elementor-element elementor-element-3614dd8 e-con-full e-flex wpr-particle-no wpr-jarallax-no wpr-parallax-no wpr-sticky-section-no wpr-equal-height-no e-con e-parent\" data-id=\"3614dd8\" data-element_type=\"container\" data-e-type=\"container\" data-settings=\"{&quot;_ha_eqh_enable&quot;:false}\">\n\t\t<div class=\"elementor-element elementor-element-5388092 e-con-full e-flex wpr-particle-no wpr-jarallax-no wpr-parallax-no wpr-sticky-section-no wpr-equal-height-no e-con e-child\" data-id=\"5388092\" data-element_type=\"container\" data-e-type=\"container\" data-settings=\"{&quot;_ha_eqh_enable&quot;:false}\">\n\t\t<div class=\"elementor-element elementor-element-6af2d3f e-con-full e-flex wpr-particle-no wpr-jarallax-no wpr-parallax-no wpr-sticky-section-no wpr-equal-height-no e-con e-child\" data-id=\"6af2d3f\" data-element_type=\"container\" data-e-type=\"container\" data-settings=\"{&quot;_ha_eqh_enable&quot;:false}\">\n\t\t\t\t<div class=\"elementor-element elementor-element-eaf2d02 elementor-widget elementor-widget-text-editor\" data-id=\"eaf2d02\" data-element_type=\"widget\" data-e-type=\"widget\" data-widget_type=\"text-editor.default\">\n\t\t\t\t<div class=\"elementor-widget-container\">\n\t\t\t\t\t\t\t\t\t<p>Aktualno\u015bci<\/p>\t\t\t\t\t\t\t\t<\/div>\n\t\t\t\t<\/div>\n\t\t\t\t<\/div>\n\t\t\t\t<\/div>\n\t\t\t\t<\/div>\n\t\t<div class=\"elementor-element elementor-element-8b23d33 e-con-full e-flex wpr-particle-no wpr-jarallax-no wpr-parallax-no wpr-sticky-section-no wpr-equal-height-no e-con e-parent\" data-id=\"8b23d33\" data-element_type=\"container\" data-e-type=\"container\" data-settings=\"{&quot;_ha_eqh_enable&quot;:false}\">\n\t\t<div class=\"elementor-element elementor-element-1b67638 e-con-full e-flex wpr-particle-no wpr-jarallax-no wpr-parallax-no wpr-sticky-section-no wpr-equal-height-no e-con e-child\" data-id=\"1b67638\" data-element_type=\"container\" data-e-type=\"container\" data-settings=\"{&quot;_ha_eqh_enable&quot;:false}\">\n\t\t\t\t<div class=\"elementor-element elementor-element-7974b4b elementor-widget elementor-widget-text-editor\" data-id=\"7974b4b\" data-element_type=\"widget\" data-e-type=\"widget\" data-widget_type=\"text-editor.default\">\n\t\t\t\t<div class=\"elementor-widget-container\">\n\t\t\t\t\t\t\t\t\t<p><a href=\"https:\/\/nova.art.pl\/pl\/xi-galicyjska-aukcja-sztuki-wspolczesnej\/\">XI Galicyjska Aukcja Sztuki Wsp\u00f3\u0142czesnej <\/a><br \/><a href=\"https:\/\/nova.art.pl\/pl\/xi-galicyjska-aukcja-sztuki-wspolczesnej\/\">18 listopada 2025<\/a><\/p>\t\t\t\t\t\t\t\t<\/div>\n\t\t\t\t<\/div>\n\t\t\t\t<\/div>\n\t\t<div class=\"elementor-element elementor-element-17135a7 e-con-full e-flex wpr-particle-no wpr-jarallax-no wpr-parallax-no wpr-sticky-section-no wpr-equal-height-no e-con e-child\" data-id=\"17135a7\" data-element_type=\"container\" data-e-type=\"container\" data-settings=\"{&quot;_ha_eqh_enable&quot;:false}\">\n\t\t\t\t<div class=\"elementor-element elementor-element-84ee86b elementor-widget elementor-widget-text-editor\" data-id=\"84ee86b\" data-element_type=\"widget\" data-e-type=\"widget\" data-widget_type=\"text-editor.default\">\n\t\t\t\t<div class=\"elementor-widget-container\">\n\t\t\t\t\t\t\t\t\t<p class=\"entry-title\"><a href=\"https:\/\/nova.art.pl\/pl\/zglaszanie-obiektow-na-wiosenna-galicyjska-aukcje-sztuki-wspolczesnej\/\"><strong> Zg\u0142aszanie obiekt\u00f3w na wiosenn\u0105 Galicyjsk\u0105 Aukcj\u0119 Sztuki Wsp\u00f3\u0142czesnej!<\/strong> <strong>\u2192<\/strong><\/a><\/p>\t\t\t\t\t\t\t\t<\/div>\n\t\t\t\t<\/div>\n\t\t\t\t<\/div>\n\t\t<div class=\"elementor-element elementor-element-e6e51c1 e-con-full e-flex wpr-particle-no wpr-jarallax-no wpr-parallax-no wpr-sticky-section-no wpr-equal-height-no e-con e-child\" data-id=\"e6e51c1\" data-element_type=\"container\" data-e-type=\"container\" data-settings=\"{&quot;_ha_eqh_enable&quot;:false}\">\n\t\t\t\t<div class=\"elementor-element elementor-element-f3bcccc elementor-widget elementor-widget-text-editor\" data-id=\"f3bcccc\" data-element_type=\"widget\" data-e-type=\"widget\" data-widget_type=\"text-editor.default\">\n\t\t\t\t<div class=\"elementor-widget-container\">\n\t\t\t\t\t\t\t\t\t<p><a href=\"https:\/\/nova.art.pl\/pl\/x-galicyjska-aukcja-sztuki-wspolczesnej\/\">X Galicyjska Aukcja Sztuki Wsp\u00f3\u0142czesnej <\/a><br \/><a href=\"https:\/\/nova.art.pl\/pl\/x-galicyjska-aukcja-sztuki-wspolczesnej\/\">18 listopada 2025<\/a><\/p>\t\t\t\t\t\t\t\t<\/div>\n\t\t\t\t<\/div>\n\t\t\t\t<\/div>\n\t\t<div class=\"elementor-element elementor-element-fa63813 e-con-full e-flex wpr-particle-no wpr-jarallax-no wpr-parallax-no wpr-sticky-section-no wpr-equal-height-no e-con e-child\" data-id=\"fa63813\" data-element_type=\"container\" data-e-type=\"container\" data-settings=\"{&quot;_ha_eqh_enable&quot;:false}\">\n\t\t\t\t<div class=\"elementor-element elementor-element-8188d92 elementor-widget elementor-widget-text-editor\" data-id=\"8188d92\" data-element_type=\"widget\" data-e-type=\"widget\" data-widget_type=\"text-editor.default\">\n\t\t\t\t<div class=\"elementor-widget-container\">\n\t\t\t\t\t\t\t\t\t<p><a href=\"https:\/\/nova.art.pl\/pl\/ix-galicyjska-aukcja-sztuki-wspolczesnej\/\">IX Galicyjska Aukcja Sztuki Wsp\u00f3\u0142czesnej <\/a><br \/><a href=\"https:\/\/nova.art.pl\/pl\/ix-galicyjska-aukcja-sztuki-wspolczesnej\/\">29 maj 2025<\/a><\/p>\t\t\t\t\t\t\t\t<\/div>\n\t\t\t\t<\/div>\n\t\t\t\t<\/div>\n\t\t<div class=\"elementor-element elementor-element-5d447c9 e-con-full e-flex wpr-particle-no wpr-jarallax-no wpr-parallax-no wpr-sticky-section-no wpr-equal-height-no e-con e-child\" data-id=\"5d447c9\" data-element_type=\"container\" data-e-type=\"container\" data-settings=\"{&quot;_ha_eqh_enable&quot;:false}\">\n\t\t\t\t<div class=\"elementor-element elementor-element-e98c972 elementor-widget elementor-widget-text-editor\" data-id=\"e98c972\" data-element_type=\"widget\" data-e-type=\"widget\" data-widget_type=\"text-editor.default\">\n\t\t\t\t<div class=\"elementor-widget-container\">\n\t\t\t\t\t\t\t\t\t<p><a href=\"https:\/\/nova.art.pl\/pl\/viii-galicyjska-aukcja-sztuki-wspolczesnej\/\">VIII Galicyjska Aukcja Sztuki Wsp\u00f3\u0142czesnej <br \/>19 wrze\u015bnia 2024<\/a><\/p>\t\t\t\t\t\t\t\t<\/div>\n\t\t\t\t<\/div>\n\t\t\t\t<\/div>\n\t\t<div class=\"elementor-element elementor-element-fb6e0d6 e-con-full e-flex wpr-particle-no wpr-jarallax-no wpr-parallax-no wpr-sticky-section-no wpr-equal-height-no e-con e-child\" data-id=\"fb6e0d6\" data-element_type=\"container\" data-e-type=\"container\" data-settings=\"{&quot;_ha_eqh_enable&quot;:false}\">\n\t\t\t\t<div class=\"elementor-element elementor-element-13579d4 elementor-widget elementor-widget-text-editor\" data-id=\"13579d4\" data-element_type=\"widget\" data-e-type=\"widget\" data-widget_type=\"text-editor.default\">\n\t\t\t\t<div class=\"elementor-widget-container\">\n\t\t\t\t\t\t\t\t\t<p><a href=\"https:\/\/nova.art.pl\/pl\/30-aukcja-new-art-order\/\">30. NEW ART ORDER <br \/>16 marca 2021<\/a><\/p>\t\t\t\t\t\t\t\t<\/div>\n\t\t\t\t<\/div>\n\t\t\t\t<\/div>\n\t\t<div class=\"elementor-element elementor-element-58ec036 e-con-full e-flex wpr-particle-no wpr-jarallax-no wpr-parallax-no wpr-sticky-section-no wpr-equal-height-no e-con e-child\" data-id=\"58ec036\" data-element_type=\"container\" data-e-type=\"container\" data-settings=\"{&quot;_ha_eqh_enable&quot;:false}\">\n\t\t\t\t<\/div>\n\t\t<div class=\"elementor-element elementor-element-9add447 e-con-full e-flex wpr-particle-no wpr-jarallax-no wpr-parallax-no wpr-sticky-section-no wpr-equal-height-no e-con e-child\" data-id=\"9add447\" data-element_type=\"container\" data-e-type=\"container\" data-settings=\"{&quot;_ha_eqh_enable&quot;:false}\">\n\t\t\t\t<\/div>\n\t\t\t\t<\/div>\n\t\t\t\t<\/div>\n\t\t","protected":false},"excerpt":{"rendered":"<p>Aukcje Pi\u0119kno w sztuceNew Art OrderGalicyjska Aukcja Sztuki Wsp\u00f3\u0142czesnej Aktualno\u015bci XI Galicyjska Aukcja Sztuki Wsp\u00f3\u0142czesnej 18 listopada 2025 Zg\u0142aszanie obiekt\u00f3w na wiosenn\u0105 Galicyjsk\u0105 Aukcj\u0119 Sztuki Wsp\u00f3\u0142czesnej! \u2192 X Galicyjska Aukcja Sztuki Wsp\u00f3\u0142czesnej 18 listopada 2025 IX Galicyjska Aukcja Sztuki Wsp\u00f3\u0142czesnej 29 maj 2025 VIII Galicyjska Aukcja Sztuki Wsp\u00f3\u0142czesnej 19 wrze\u015bnia 2024 30. NEW ART ORDER 16 marca 2021<\/p>\n","protected":false},"author":1,"featured_media":0,"parent":0,"menu_order":0,"comment_status":"closed","ping_status":"closed","template":"","meta":{"_gspb_post_css":"","_vp_format_video_url":"","_vp_image_focal_point":[],"footnotes":""},"class_list":["post-77","page","type-page","status-publish","hentry"],"blocksy_meta":[],"rttpg_featured_image_url":null,"rttpg_author":{"display_name":"Arek","author_link":"https:\/\/nova.art.pl\/pl\/author\/admin\/"},"rttpg_comment":0,"rttpg_category":null,"rttpg_excerpt":"Aukcje Pi\u0119kno w sztuceNew Art OrderGalicyjska Aukcja Sztuki Wsp\u00f3\u0142czesnej Aktualno\u015bci XI Galicyjska Aukcja Sztuki Wsp\u00f3\u0142czesnej 18 listopada 2025 Zg\u0142aszanie obiekt\u00f3w na wiosenn\u0105 Galicyjsk\u0105 Aukcj\u0119 Sztuki Wsp\u00f3\u0142czesnej! \u2192 X Galicyjska Aukcja Sztuki Wsp\u00f3\u0142czesnej 18 listopada 2025 IX Galicyjska Aukcja Sztuki Wsp\u00f3\u0142czesnej 29 maj 2025 VIII Galicyjska Aukcja Sztuki Wsp\u00f3\u0142czesnej 19 wrze\u015bnia 2024 30. NEW ART ORDER&hellip;","_links":{"self":[{"href":"https:\/\/nova.art.pl\/pl\/wp-json\/wp\/v2\/pages\/77","targetHints":{"allow":["GET"]}}],"collection":[{"href":"https:\/\/nova.art.pl\/pl\/wp-json\/wp\/v2\/pages"}],"about":[{"href":"https:\/\/nova.art.pl\/pl\/wp-json\/wp\/v2\/types\/page"}],"author":[{"embeddable":true,"href":"https:\/\/nova.art.pl\/pl\/wp-json\/wp\/v2\/users\/1"}],"replies":[{"embeddable":true,"href":"https:\/\/nova.art.pl\/pl\/wp-json\/wp\/v2\/comments?post=77"}],"version-history":[{"count":46,"href":"https:\/\/nova.art.pl\/pl\/wp-json\/wp\/v2\/pages\/77\/revisions"}],"predecessor-version":[{"id":4954,"href":"https:\/\/nova.art.pl\/pl\/wp-json\/wp\/v2\/pages\/77\/revisions\/4954"}],"wp:attachment":[{"href":"https:\/\/nova.art.pl\/pl\/wp-json\/wp\/v2\/media?parent=77"}],"curies":[{"name":"wp","href":"https:\/\/api.w.org\/{rel}","templated":true}]}}