{"id":74,"date":"2024-03-29T15:16:07","date_gmt":"2024-03-29T14:16:07","guid":{"rendered":"http:\/\/nova.art.pl\/pl\/?page_id=74"},"modified":"2025-10-08T11:52:21","modified_gmt":"2025-10-08T09:52:21","slug":"artysci","status":"publish","type":"page","link":"https:\/\/nova.art.pl\/pl\/artysci\/","title":{"rendered":"ARTY\u015aCI"},"content":{"rendered":"\t\t<div data-elementor-type=\"wp-page\" data-elementor-id=\"74\" class=\"elementor elementor-74\" data-elementor-settings=\"{&quot;ha_cmc_init_switcher&quot;:&quot;no&quot;}\">\n\t\t\t\t<div class=\"elementor-element elementor-element-41adc87 e-con-full e-flex wpr-particle-no wpr-jarallax-no wpr-parallax-no wpr-sticky-section-no wpr-equal-height-no e-con e-parent\" data-id=\"41adc87\" data-element_type=\"container\" data-e-type=\"container\" data-settings=\"{&quot;_ha_eqh_enable&quot;:false}\">\n\t\t<div class=\"elementor-element elementor-element-cc175ce e-con-full e-flex wpr-particle-no wpr-jarallax-no wpr-parallax-no wpr-sticky-section-no wpr-equal-height-no e-con e-child\" data-id=\"cc175ce\" data-element_type=\"container\" data-e-type=\"container\" data-settings=\"{&quot;_ha_eqh_enable&quot;:false}\">\n\t\t\t\t<div class=\"elementor-element elementor-element-70c4db0 elementor-widget elementor-widget-text-editor\" data-id=\"70c4db0\" data-element_type=\"widget\" data-e-type=\"widget\" data-widget_type=\"text-editor.default\">\n\t\t\t\t<div class=\"elementor-widget-container\">\n\t\t\t\t\t\t\t\t\t<p>Arty\u015bci<\/p><p><a href=\"https:\/\/nova.art.pl\/pl\/edyta-olszewska\/\">Edyta Olszewska<\/a><br \/><a href=\"https:\/\/nova.art.pl\/pl\/patrycja-pietka\/\">Patrycja Pi\u0119tka<\/a><br \/><a href=\"https:\/\/nova.art.pl\/pl\/xawery-deskur\/\">Xawery Deskur<\/a><br \/><a href=\"https:\/\/nova.art.pl\/pl\/lukasz-surowiec\/\">\u0141ukasz Surowiec<\/a><\/p>\t\t\t\t\t\t\t\t<\/div>\n\t\t\t\t<\/div>\n\t\t\t\t<\/div>\n\t\t<div class=\"elementor-element elementor-element-70c47c8 e-con-full e-flex wpr-particle-no wpr-jarallax-no wpr-parallax-no wpr-sticky-section-no wpr-equal-height-no e-con e-child\" data-id=\"70c47c8\" data-element_type=\"container\" data-e-type=\"container\" data-settings=\"{&quot;_ha_eqh_enable&quot;:false}\">\n\t\t\t\t<\/div>\n\t\t\t\t<\/div>\n\t\t\t\t<\/div>\n\t\t","protected":false},"excerpt":{"rendered":"<p>Arty\u015bci Edyta OlszewskaPatrycja Pi\u0119tkaXawery Deskur\u0141ukasz Surowiec<\/p>\n","protected":false},"author":1,"featured_media":0,"parent":0,"menu_order":0,"comment_status":"closed","ping_status":"closed","template":"","meta":{"_gspb_post_css":"","_vp_format_video_url":"","_vp_image_focal_point":[],"footnotes":""},"class_list":["post-74","page","type-page","status-publish","hentry"],"blocksy_meta":[],"rttpg_featured_image_url":null,"rttpg_author":{"display_name":"Arek","author_link":"https:\/\/nova.art.pl\/pl\/author\/admin\/"},"rttpg_comment":0,"rttpg_category":null,"rttpg_excerpt":"Arty\u015bci Edyta OlszewskaPatrycja Pi\u0119tkaXawery Deskur\u0141ukasz Surowiec","_links":{"self":[{"href":"https:\/\/nova.art.pl\/pl\/wp-json\/wp\/v2\/pages\/74","targetHints":{"allow":["GET"]}}],"collection":[{"href":"https:\/\/nova.art.pl\/pl\/wp-json\/wp\/v2\/pages"}],"about":[{"href":"https:\/\/nova.art.pl\/pl\/wp-json\/wp\/v2\/types\/page"}],"author":[{"embeddable":true,"href":"https:\/\/nova.art.pl\/pl\/wp-json\/wp\/v2\/users\/1"}],"replies":[{"embeddable":true,"href":"https:\/\/nova.art.pl\/pl\/wp-json\/wp\/v2\/comments?post=74"}],"version-history":[{"count":40,"href":"https:\/\/nova.art.pl\/pl\/wp-json\/wp\/v2\/pages\/74\/revisions"}],"predecessor-version":[{"id":4745,"href":"https:\/\/nova.art.pl\/pl\/wp-json\/wp\/v2\/pages\/74\/revisions\/4745"}],"wp:attachment":[{"href":"https:\/\/nova.art.pl\/pl\/wp-json\/wp\/v2\/media?parent=74"}],"curies":[{"name":"wp","href":"https:\/\/api.w.org\/{rel}","templated":true}]}}