{"id":44,"date":"2024-03-29T14:44:07","date_gmt":"2024-03-29T13:44:07","guid":{"rendered":"http:\/\/nova.art.pl\/pl\/?page_id=44"},"modified":"2026-04-17T17:40:54","modified_gmt":"2026-04-17T15:40:54","slug":"kontakt","status":"publish","type":"page","link":"https:\/\/nova.art.pl\/pl\/kontakt\/","title":{"rendered":"KONTAKT"},"content":{"rendered":"\t\t<div data-elementor-type=\"wp-page\" data-elementor-id=\"44\" class=\"elementor elementor-44\" data-elementor-settings=\"{&quot;ha_cmc_init_switcher&quot;:&quot;no&quot;}\">\n\t\t\t\t<div class=\"elementor-element elementor-element-84d4c05 e-flex e-con-boxed wpr-particle-no wpr-jarallax-no wpr-parallax-no wpr-sticky-section-no wpr-equal-height-no e-con e-parent\" data-id=\"84d4c05\" data-element_type=\"container\" data-e-type=\"container\" data-settings=\"{&quot;_ha_eqh_enable&quot;:false}\">\n\t\t\t\t\t<div class=\"e-con-inner\">\n\t\t\t\t<div class=\"elementor-element elementor-element-62a6594 elementor-widget elementor-widget-text-editor\" data-id=\"62a6594\" data-element_type=\"widget\" data-e-type=\"widget\" data-widget_type=\"text-editor.default\">\n\t\t\t\t<div class=\"elementor-widget-container\">\n\t\t\t\t\t\t\t\t\t<p><strong>KONTAKT<\/strong><\/p>\t\t\t\t\t\t\t\t<\/div>\n\t\t\t\t<\/div>\n\t\t\t\t\t<\/div>\n\t\t\t\t<\/div>\n\t\t<div class=\"elementor-element elementor-element-7322053 e-flex e-con-boxed wpr-particle-no wpr-jarallax-no wpr-parallax-no wpr-sticky-section-no wpr-equal-height-no e-con e-parent\" data-id=\"7322053\" data-element_type=\"container\" data-e-type=\"container\" data-settings=\"{&quot;_ha_eqh_enable&quot;:false}\">\n\t\t\t\t\t<div class=\"e-con-inner\">\n\t\t\t\t\t<\/div>\n\t\t\t\t<\/div>\n\t\t<div class=\"elementor-element elementor-element-c608f6b e-flex e-con-boxed wpr-particle-no wpr-jarallax-no wpr-parallax-no wpr-sticky-section-no wpr-equal-height-no e-con e-parent\" data-id=\"c608f6b\" data-element_type=\"container\" data-e-type=\"container\" data-settings=\"{&quot;_ha_eqh_enable&quot;:false}\">\n\t\t\t\t\t<div class=\"e-con-inner\">\n\t\t\t\t<div class=\"elementor-element elementor-element-a5d6982 elementor-widget elementor-widget-text-editor\" data-id=\"a5d6982\" data-element_type=\"widget\" data-e-type=\"widget\" data-widget_type=\"text-editor.default\">\n\t\t\t\t<div class=\"elementor-widget-container\">\n\t\t\t\t\t\t\t\t\t<p>Art Agenda Nova<br \/>ul. Batorego 2 (drugie pi\u0119tro) <br \/>Krak\u00f3w, 31-135<br \/><a href=\"https:\/\/maps.app.goo.gl\/v2YJqbt7eVVTwMQq7\" target=\"_blank\" rel=\"noreferrer noopener\">Mapa \u2192<\/a><\/p><p>Godziny otwarcia:<br \/>Poniedzia\u0142ek \u2013 pi\u0105tek: 9:00 \u2013 17:00<\/p><p>Kontakt:<br \/>12 222 50 53<br \/><span style=\"font-family: inherit; font-size: inherit; font-style: inherit; font-variant-ligatures: inherit; font-variant-caps: inherit; font-weight: inherit;\">info@nova.art.pl<\/span><\/p><p>Art Agenda Nova jest o\u015brodkiem tw\u00f3rczych dyskusji, realizacji wykraczaj\u0105cych poza ustalone schematy. Wieloletnie do\u015bwiadczenie \u0142\u0105czy ze \u015bwie\u017co\u015bci\u0105 spojrzenia, nieustaj\u0105cym otwarciem na eksperyment i entuzjazmem odkrywcy skupionego na sztuce najnowszej. Galeria od lat cieszy si\u0119 zainteresowaniem ze strony m\u0142odych tw\u00f3rc\u00f3w czy niezale\u017cnych kurator\u00f3w i na nich koncentruje swoj\u0105 uwag\u0119.<\/p><p>Art Agenda Nova programowo wspiera sztuk\u0119 eksploruj\u0105c\u0105 nowe \u015brodki wyrazu i sytuacje artystyczne wymykaj\u0105ce si\u0119 \u0142atwej klasyfikacji. Poszukuje i promuje osoby i zjawiska, jej dzia\u0142ania oscyluj\u0105 wok\u00f3\u0142 sztuki konceptualnej, silnie zwi\u0105zanej z cz\u0142owiekiem i przedmiotem, jednocze\u015bnie uwaga skupiona jest na prezentacji zagadnie\u0144 zwi\u0105zanych ze sztuk\u0105 spo\u0142ecznie zaanga\u017cowan\u0105, a tak\u017ce wp\u0142ywem rozwoju konceptualizmu i dzia\u0142a\u0144 multimedialnych czy interdyscyplinarnych na realistyczne malarstwo przedstawieniowe.<\/p><p>Dwudziestoletnie do\u015bwiadczenie pozwala na r\u00f3wnoczesne otaczanie specjalistyczn\u0105 opiek\u0105 spadkobierc\u00f3w czo\u0142owych polskich tw\u00f3rc\u00f3w XX wieku, pr\u0119\u017cn\u0105 wsp\u00f3\u0142prac\u0119 ze specjalistami z zakresu prawa autorskiego, aktywne dzia\u0142anie na polskim rynku aukcyjnym, tworzenie wielow\u0105tkowych projekt\u00f3w interdyscyplinarnych. R\u00f3wnocze\u015bnie eksperyment, bezpo\u015brednio\u015b\u0107 mi\u0119dzyludzkich relacji, energia nowych zjawisk i ambicja ich odkrywania pozostaje niezmiennie spiritus movens galerii.<\/p><p>GALERI\u0118 PROWADZ\u0104: MA\u0141GORZATA GO\u0141\u0118BIEWSKA, MARCIN GO\u0141\u0118BIEWSKI<\/p>\t\t\t\t\t\t\t\t<\/div>\n\t\t\t\t<\/div>\n\t\t\t\t\t<\/div>\n\t\t\t\t<\/div>\n\t\t\t\t<\/div>\n\t\t","protected":false},"excerpt":{"rendered":"<p>KONTAKT Art Agenda Novaul. Batorego 2 (drugie pi\u0119tro) Krak\u00f3w, 31-135Mapa \u2192 Godziny otwarcia:Poniedzia\u0142ek \u2013 pi\u0105tek: 9:00 \u2013 17:00 Kontakt:12 222 50 53info@nova.art.pl Art Agenda Nova jest o\u015brodkiem tw\u00f3rczych dyskusji, realizacji wykraczaj\u0105cych poza ustalone schematy. Wieloletnie do\u015bwiadczenie \u0142\u0105czy ze \u015bwie\u017co\u015bci\u0105 spojrzenia, nieustaj\u0105cym otwarciem na eksperyment i entuzjazmem odkrywcy skupionego na sztuce najnowszej. Galeria od lat cieszy si\u0119 zainteresowaniem ze strony m\u0142odych tw\u00f3rc\u00f3w czy niezale\u017cnych kurator\u00f3w i na nich koncentruje swoj\u0105 uwag\u0119. Art Agenda Nova programowo wspiera sztuk\u0119 eksploruj\u0105c\u0105 nowe \u015brodki wyrazu i sytuacje artystyczne wymykaj\u0105ce si\u0119 \u0142atwej klasyfikacji. Poszukuje i promuje osoby i zjawiska, jej dzia\u0142ania oscyluj\u0105 wok\u00f3\u0142 sztuki konceptualnej, silnie zwi\u0105zanej z cz\u0142owiekiem i przedmiotem, jednocze\u015bnie uwaga skupiona jest na prezentacji zagadnie\u0144 zwi\u0105zanych ze sztuk\u0105 spo\u0142ecznie zaanga\u017cowan\u0105, a tak\u017ce wp\u0142ywem rozwoju konceptualizmu i dzia\u0142a\u0144 multimedialnych czy interdyscyplinarnych na realistyczne malarstwo przedstawieniowe. Dwudziestoletnie do\u015bwiadczenie pozwala na r\u00f3wnoczesne otaczanie specjalistyczn\u0105 opiek\u0105 spadkobierc\u00f3w czo\u0142owych polskich tw\u00f3rc\u00f3w XX wieku, pr\u0119\u017cn\u0105 wsp\u00f3\u0142prac\u0119 ze specjalistami z zakresu prawa autorskiego, aktywne dzia\u0142anie na polskim rynku aukcyjnym, tworzenie wielow\u0105tkowych projekt\u00f3w interdyscyplinarnych. R\u00f3wnocze\u015bnie eksperyment, bezpo\u015brednio\u015b\u0107 mi\u0119dzyludzkich relacji, energia nowych zjawisk i ambicja ich odkrywania pozostaje niezmiennie spiritus movens galerii. GALERI\u0118 PROWADZ\u0104: MA\u0141GORZATA GO\u0141\u0118BIEWSKA, MARCIN GO\u0141\u0118BIEWSKI<\/p>\n","protected":false},"author":1,"featured_media":0,"parent":0,"menu_order":0,"comment_status":"closed","ping_status":"closed","template":"","meta":{"_gspb_post_css":"","_vp_format_video_url":"","_vp_image_focal_point":[],"footnotes":""},"class_list":["post-44","page","type-page","status-publish","hentry"],"blocksy_meta":[],"rttpg_featured_image_url":null,"rttpg_author":{"display_name":"Arek","author_link":"https:\/\/nova.art.pl\/pl\/author\/admin\/"},"rttpg_comment":0,"rttpg_category":null,"rttpg_excerpt":"KONTAKT Art Agenda Novaul. Batorego 2 (drugie pi\u0119tro) Krak\u00f3w, 31-135Mapa \u2192 Godziny otwarcia:Poniedzia\u0142ek \u2013 pi\u0105tek: 9:00 \u2013 17:00 Kontakt:12 222 50 53info@nova.art.pl Art Agenda Nova jest o\u015brodkiem tw\u00f3rczych dyskusji, realizacji wykraczaj\u0105cych poza ustalone schematy. Wieloletnie do\u015bwiadczenie \u0142\u0105czy ze \u015bwie\u017co\u015bci\u0105 spojrzenia, nieustaj\u0105cym otwarciem na eksperyment i entuzjazmem odkrywcy skupionego na sztuce najnowszej. Galeria od lat cieszy&hellip;","_links":{"self":[{"href":"https:\/\/nova.art.pl\/pl\/wp-json\/wp\/v2\/pages\/44","targetHints":{"allow":["GET"]}}],"collection":[{"href":"https:\/\/nova.art.pl\/pl\/wp-json\/wp\/v2\/pages"}],"about":[{"href":"https:\/\/nova.art.pl\/pl\/wp-json\/wp\/v2\/types\/page"}],"author":[{"embeddable":true,"href":"https:\/\/nova.art.pl\/pl\/wp-json\/wp\/v2\/users\/1"}],"replies":[{"embeddable":true,"href":"https:\/\/nova.art.pl\/pl\/wp-json\/wp\/v2\/comments?post=44"}],"version-history":[{"count":83,"href":"https:\/\/nova.art.pl\/pl\/wp-json\/wp\/v2\/pages\/44\/revisions"}],"predecessor-version":[{"id":5001,"href":"https:\/\/nova.art.pl\/pl\/wp-json\/wp\/v2\/pages\/44\/revisions\/5001"}],"wp:attachment":[{"href":"https:\/\/nova.art.pl\/pl\/wp-json\/wp\/v2\/media?parent=44"}],"curies":[{"name":"wp","href":"https:\/\/api.w.org\/{rel}","templated":true}]}}