{"id":2030,"date":"2024-05-29T19:38:55","date_gmt":"2024-05-29T17:38:55","guid":{"rendered":"https:\/\/nova.art.pl\/pl\/?page_id=2030"},"modified":"2025-09-20T10:29:43","modified_gmt":"2025-09-20T08:29:43","slug":"xawery-deskur","status":"publish","type":"page","link":"https:\/\/nova.art.pl\/pl\/xawery-deskur\/","title":{"rendered":"XAWERY DESKUR"},"content":{"rendered":"\t\t<div data-elementor-type=\"wp-page\" data-elementor-id=\"2030\" class=\"elementor elementor-2030\" data-elementor-settings=\"{&quot;ha_cmc_init_switcher&quot;:&quot;no&quot;}\">\n\t\t\t\t<div class=\"elementor-element elementor-element-eb571ac e-flex e-con-boxed wpr-particle-no wpr-jarallax-no wpr-parallax-no wpr-sticky-section-no wpr-equal-height-no e-con e-parent\" data-id=\"eb571ac\" data-element_type=\"container\" data-e-type=\"container\" data-settings=\"{&quot;_ha_eqh_enable&quot;:false}\">\n\t\t\t\t\t<div class=\"e-con-inner\">\n\t\t\t\t<div class=\"elementor-element elementor-element-d0d8286 elementor-widget elementor-widget-text-editor\" data-id=\"d0d8286\" data-element_type=\"widget\" data-e-type=\"widget\" data-widget_type=\"text-editor.default\">\n\t\t\t\t<div class=\"elementor-widget-container\">\n\t\t\t\t\t\t\t\t\t<p>XAWERY DESKUR<\/p>\t\t\t\t\t\t\t\t<\/div>\n\t\t\t\t<\/div>\n\t\t\t\t\t<\/div>\n\t\t\t\t<\/div>\n\t\t<div class=\"elementor-element elementor-element-c723d30 e-con-full e-flex wpr-particle-no wpr-jarallax-no wpr-parallax-no wpr-sticky-section-no wpr-equal-height-no e-con e-parent\" data-id=\"c723d30\" data-element_type=\"container\" data-e-type=\"container\" data-settings=\"{&quot;_ha_eqh_enable&quot;:false}\">\n\t\t<div class=\"elementor-element elementor-element-6ae537b e-con-full e-flex wpr-particle-no wpr-jarallax-no wpr-parallax-no wpr-sticky-section-no wpr-equal-height-no e-con e-child\" data-id=\"6ae537b\" data-element_type=\"container\" data-e-type=\"container\" data-settings=\"{&quot;_ha_eqh_enable&quot;:false}\">\n\t\t\t\t<div class=\"elementor-element elementor-element-ac7fe78 elementor-widget elementor-widget-text-editor\" data-id=\"ac7fe78\" data-element_type=\"widget\" data-e-type=\"widget\" data-widget_type=\"text-editor.default\">\n\t\t\t\t<div class=\"elementor-widget-container\">\n\t\t\t\t\t\t\t\t\t<p><span style=\"color: #000000;\">Xavery Deskur Wolski (urodzony 28.12.1988 w Aix-en-Provence, Francja) mieszka i pracuje w Krakowie. W 2015 roku uko\u0144czy\u0142 studia magisterskie Akademii Sztuk Pi\u0119knych im. Jana Matejki w Krakowie, na wydziale Grafiki. Zajmuje si\u0119 mi\u0119dzy innymi filmem, komiksem, animacj\u0105 oraz ingerencjami w przestrze\u0144 publiczn\u0105. W 2015 roku laureat (wraz z Olg\u0105 Kowalsk\u0105) w og\u00f3lnopolskim konkursie Narracje #7. W 2014 roku finalista I nagrody og\u00f3lnopolskiego konkursu Artystyczna Podr\u00f3\u017c Hestii (miesi\u0119czne stypendium w Nowym Jorku i wystawa indywidualna w galerii Propaganda w Warszawie) oraz Grolsch ArtBoom Festiwal (wraz z Hubertem Gromnym). Tw\u00f3rca (wsp\u00f3lnie z Hubertem Gromnym) pracy \u201eCrystal skulls are modern fakes? Adventure movie\u201d znajduj\u0105cej si\u0119 w Kolekcji Bunkra Sztuki w Krakowie. Wsp\u00f3\u0142tw\u00f3rca grupy Spirala, kt\u00f3ra przez okres 2011\u201313, zarz\u0105dza\u0142a artystycznymi wydarzeniami Zbiornika Kultury w Bunkrze Sztuki w Krakowie. Wsp\u00f3\u0142tw\u00f3rca grupy Wi\u0119cej \u015awiat\u0142a, kt\u00f3ra przez okres 2008\u201310 zorganizowa\u0142a liczne inicjatywy kulturalne w Krakowie.<\/span><\/p>\t\t\t\t\t\t\t\t<\/div>\n\t\t\t\t<\/div>\n\t\t\t\t<\/div>\n\t\t<div class=\"elementor-element elementor-element-f1732b2 e-con-full e-flex wpr-particle-no wpr-jarallax-no wpr-parallax-no wpr-sticky-section-no wpr-equal-height-no e-con e-child\" data-id=\"f1732b2\" data-element_type=\"container\" data-e-type=\"container\" data-settings=\"{&quot;_ha_eqh_enable&quot;:false}\">\n\t\t\t\t<\/div>\n\t\t\t\t<\/div>\n\t\t<div class=\"elementor-element elementor-element-810f362 e-con-full e-flex wpr-particle-no wpr-jarallax-no wpr-parallax-no wpr-sticky-section-no wpr-equal-height-no e-con e-parent\" data-id=\"810f362\" data-element_type=\"container\" data-e-type=\"container\" data-settings=\"{&quot;_ha_eqh_enable&quot;:false}\">\n\t\t<div class=\"elementor-element elementor-element-4edebad e-con-full e-flex wpr-particle-no wpr-jarallax-no wpr-parallax-no wpr-sticky-section-no wpr-equal-height-no e-con e-child\" data-id=\"4edebad\" data-element_type=\"container\" data-e-type=\"container\" data-settings=\"{&quot;_ha_eqh_enable&quot;:false}\">\n\t\t\t\t<div class=\"elementor-element elementor-element-52014c8 elementor-widget elementor-widget-text-editor\" data-id=\"52014c8\" data-element_type=\"widget\" data-e-type=\"widget\" data-widget_type=\"text-editor.default\">\n\t\t\t\t<div class=\"elementor-widget-container\">\n\t\t\t\t\t\t\t\t\t<p>CV\u00a0<\/p><p>2016<br \/>Wystawa \u201eW\u0119\u017ce, sztylety i p\u0142atki r\u00f3\u017cy\u201d, Bunkier Sztuki, Krak\u00f3w<br \/>ARTLOOP Festiwal, Sopot<\/p><p>2015<br \/>Wystawa indywidualna \u201ePakt \/ Spacer\u201d w Art Agenda Nova (Krak\u00f3w)<br \/>Wystawa grupowa \u201eWsiosko\u201d w Regionalnym Muzeum M\u0142odej Polski \u201eRydl\u00f3wka\u201d, w ramach 7 edycji Art Boom Festiwal (Krak\u00f3w)<\/p><p>2014<br \/>Wystawa indywidualna \u201eStracone &#8211; Znalezione\u201d w galerii Propaganda (Warszawa)<br \/>\u201eCrystal skulls are modern fakes? Adventure movie\u201d wystawa pracy stworzonej dla kolekcji sztuki Galerii Sztuki Wsp\u00f3\u0142czesnej Bunkier Sztuki w Krakowie (w duecie z Hubertem Gromnym)<br \/>Wystawa prac finalist\u00f3w konkursu Artystyczna Podr\u00f3\u017c Hestii, w Domu Towarowym Braci Jab\u0142kowskich w Warszawie<br \/>Udzia\u0142 w wystawie zbiorowej Agnieszki Klepackiej \u201eDonios\u0142o\u015b\u0107 Kurzu\u201d w Muzeum Ogrodu Botanicznego uj w Krakowie.<br \/>Wystawa zbiorowa \u201e-1 live\u201d w ramach Krakers Galery Weekend, w Galerii sm D\u0119bniki w Krakowie.<\/p><p>2013<br \/>\u201engc 5474. Gdzie\u015b tam niebieska dzicz\u201d, wystawa grupy Spirala w Galerii Sztuki Wsp\u00f3\u0142czesnej Bunkier Sztuki w Krakowie (kurator: Ewa Tatar)<br \/>\u201eOn the Road\/Unterwegs\u201d w Konsulacie Generalnym Republiki Niemiec w Krakowie. Wystawa zbiorowa student\u00f3w asp w Krakowie<br \/>\u201eBand\u00e9 Epoque\u201d w Kawiarni Noworolski w Sukiennicach w Krakowie, wystawa zbiorowa i ewent artystyczny grupy Banda<\/p>\t\t\t\t\t\t\t\t<\/div>\n\t\t\t\t<\/div>\n\t\t\t\t<\/div>\n\t\t<div class=\"elementor-element elementor-element-63a8ce1 e-con-full e-flex wpr-particle-no wpr-jarallax-no wpr-parallax-no wpr-sticky-section-no wpr-equal-height-no e-con e-child\" data-id=\"63a8ce1\" data-element_type=\"container\" data-e-type=\"container\" data-settings=\"{&quot;_ha_eqh_enable&quot;:false}\">\n\t\t\t\t<\/div>\n\t\t\t\t<\/div>\n\t\t\t\t<\/div>\n\t\t","protected":false},"excerpt":{"rendered":"<p>XAWERY DESKUR Xavery Deskur Wolski (urodzony 28.12.1988 w Aix-en-Provence, Francja) mieszka i pracuje w Krakowie. W 2015 roku uko\u0144czy\u0142 studia magisterskie Akademii Sztuk Pi\u0119knych im. Jana Matejki w Krakowie, na wydziale Grafiki. Zajmuje si\u0119 mi\u0119dzy innymi filmem, komiksem, animacj\u0105 oraz ingerencjami w przestrze\u0144 publiczn\u0105. W 2015 roku laureat (wraz z Olg\u0105 Kowalsk\u0105) w og\u00f3lnopolskim konkursie Narracje #7. W 2014 roku finalista I nagrody og\u00f3lnopolskiego konkursu Artystyczna Podr\u00f3\u017c Hestii (miesi\u0119czne stypendium w Nowym Jorku i wystawa indywidualna w galerii Propaganda w Warszawie) oraz Grolsch ArtBoom Festiwal (wraz z Hubertem Gromnym). Tw\u00f3rca (wsp\u00f3lnie z Hubertem Gromnym) pracy \u201eCrystal skulls are modern fakes? Adventure movie\u201d znajduj\u0105cej si\u0119 w Kolekcji Bunkra Sztuki w Krakowie. Wsp\u00f3\u0142tw\u00f3rca grupy Spirala, kt\u00f3ra przez okres 2011\u201313, zarz\u0105dza\u0142a artystycznymi wydarzeniami Zbiornika Kultury w Bunkrze Sztuki w Krakowie. Wsp\u00f3\u0142tw\u00f3rca grupy Wi\u0119cej \u015awiat\u0142a, kt\u00f3ra przez okres 2008\u201310 zorganizowa\u0142a liczne inicjatywy kulturalne w Krakowie. CV\u00a0 2016Wystawa \u201eW\u0119\u017ce, sztylety i p\u0142atki r\u00f3\u017cy\u201d, Bunkier Sztuki, Krak\u00f3wARTLOOP Festiwal, Sopot 2015Wystawa indywidualna \u201ePakt \/ Spacer\u201d w Art Agenda Nova (Krak\u00f3w)Wystawa grupowa \u201eWsiosko\u201d w Regionalnym Muzeum M\u0142odej Polski \u201eRydl\u00f3wka\u201d, w ramach 7 edycji Art Boom Festiwal (Krak\u00f3w) 2014Wystawa indywidualna \u201eStracone &#8211; Znalezione\u201d w galerii Propaganda (Warszawa)\u201eCrystal skulls are modern fakes? Adventure movie\u201d wystawa pracy stworzonej dla kolekcji sztuki Galerii Sztuki Wsp\u00f3\u0142czesnej Bunkier Sztuki w Krakowie (w duecie z Hubertem Gromnym)Wystawa prac finalist\u00f3w konkursu Artystyczna Podr\u00f3\u017c Hestii, w Domu Towarowym Braci Jab\u0142kowskich w WarszawieUdzia\u0142 w wystawie zbiorowej Agnieszki Klepackiej \u201eDonios\u0142o\u015b\u0107 Kurzu\u201d w Muzeum Ogrodu Botanicznego uj w Krakowie.Wystawa zbiorowa \u201e-1 live\u201d w ramach Krakers Galery Weekend, w Galerii sm D\u0119bniki w Krakowie. 2013\u201engc 5474. Gdzie\u015b tam niebieska dzicz\u201d, wystawa grupy Spirala w Galerii Sztuki Wsp\u00f3\u0142czesnej Bunkier Sztuki w Krakowie (kurator: Ewa Tatar)\u201eOn the Road\/Unterwegs\u201d w Konsulacie Generalnym Republiki Niemiec w Krakowie. Wystawa zbiorowa student\u00f3w asp w Krakowie\u201eBand\u00e9 Epoque\u201d w Kawiarni Noworolski w Sukiennicach w Krakowie, wystawa zbiorowa i ewent artystyczny grupy Banda<\/p>\n","protected":false},"author":1,"featured_media":1472,"parent":0,"menu_order":0,"comment_status":"closed","ping_status":"closed","template":"elementor_header_footer","meta":{"_gspb_post_css":"","_vp_format_video_url":"","_vp_image_focal_point":[],"footnotes":""},"class_list":["post-2030","page","type-page","status-publish","has-post-thumbnail","hentry"],"blocksy_meta":[],"rttpg_featured_image_url":{"full":["https:\/\/nova.art.pl\/pl\/wp-content\/uploads\/sites\/3\/2024\/05\/Xawery-Deskur-Wolski-Symetryczna-mapa-Afryki-akryl-na-plotnie-70-x-90-cm-1-scaled.jpg",2560,1972,false],"landscape":["https:\/\/nova.art.pl\/pl\/wp-content\/uploads\/sites\/3\/2024\/05\/Xawery-Deskur-Wolski-Symetryczna-mapa-Afryki-akryl-na-plotnie-70-x-90-cm-1-scaled.jpg",2560,1972,false],"portraits":["https:\/\/nova.art.pl\/pl\/wp-content\/uploads\/sites\/3\/2024\/05\/Xawery-Deskur-Wolski-Symetryczna-mapa-Afryki-akryl-na-plotnie-70-x-90-cm-1-scaled.jpg",2560,1972,false],"thumbnail":["https:\/\/nova.art.pl\/pl\/wp-content\/uploads\/sites\/3\/2024\/05\/Xawery-Deskur-Wolski-Symetryczna-mapa-Afryki-akryl-na-plotnie-70-x-90-cm-1-150x150.jpg",150,150,true],"medium":["https:\/\/nova.art.pl\/pl\/wp-content\/uploads\/sites\/3\/2024\/05\/Xawery-Deskur-Wolski-Symetryczna-mapa-Afryki-akryl-na-plotnie-70-x-90-cm-1-300x231.jpg",300,231,true],"large":["https:\/\/nova.art.pl\/pl\/wp-content\/uploads\/sites\/3\/2024\/05\/Xawery-Deskur-Wolski-Symetryczna-mapa-Afryki-akryl-na-plotnie-70-x-90-cm-1-1024x789.jpg",1024,789,true],"1536x1536":["https:\/\/nova.art.pl\/pl\/wp-content\/uploads\/sites\/3\/2024\/05\/Xawery-Deskur-Wolski-Symetryczna-mapa-Afryki-akryl-na-plotnie-70-x-90-cm-1-1536x1183.jpg",1536,1183,true],"2048x2048":["https:\/\/nova.art.pl\/pl\/wp-content\/uploads\/sites\/3\/2024\/05\/Xawery-Deskur-Wolski-Symetryczna-mapa-Afryki-akryl-na-plotnie-70-x-90-cm-1-2048x1578.jpg",2048,1578,true],"vp_sm":["https:\/\/nova.art.pl\/pl\/wp-content\/uploads\/sites\/3\/2024\/05\/Xawery-Deskur-Wolski-Symetryczna-mapa-Afryki-akryl-na-plotnie-70-x-90-cm-1-scaled.jpg",500,385,false],"vp_md":["https:\/\/nova.art.pl\/pl\/wp-content\/uploads\/sites\/3\/2024\/05\/Xawery-Deskur-Wolski-Symetryczna-mapa-Afryki-akryl-na-plotnie-70-x-90-cm-1-scaled.jpg",800,616,false],"vp_lg":["https:\/\/nova.art.pl\/pl\/wp-content\/uploads\/sites\/3\/2024\/05\/Xawery-Deskur-Wolski-Symetryczna-mapa-Afryki-akryl-na-plotnie-70-x-90-cm-1-scaled.jpg",1280,986,false],"vp_xl":["https:\/\/nova.art.pl\/pl\/wp-content\/uploads\/sites\/3\/2024\/05\/Xawery-Deskur-Wolski-Symetryczna-mapa-Afryki-akryl-na-plotnie-70-x-90-cm-1-scaled.jpg",1920,1479,false],"vp_sm_popup":["https:\/\/nova.art.pl\/pl\/wp-content\/uploads\/sites\/3\/2024\/05\/Xawery-Deskur-Wolski-Symetryczna-mapa-Afryki-akryl-na-plotnie-70-x-90-cm-1-scaled.jpg",500,385,false],"vp_md_popup":["https:\/\/nova.art.pl\/pl\/wp-content\/uploads\/sites\/3\/2024\/05\/Xawery-Deskur-Wolski-Symetryczna-mapa-Afryki-akryl-na-plotnie-70-x-90-cm-1-scaled.jpg",800,616,false],"vp_xl_popup":["https:\/\/nova.art.pl\/pl\/wp-content\/uploads\/sites\/3\/2024\/05\/Xawery-Deskur-Wolski-Symetryczna-mapa-Afryki-akryl-na-plotnie-70-x-90-cm-1-scaled.jpg",1920,1479,false]},"rttpg_author":{"display_name":"Arek","author_link":"https:\/\/nova.art.pl\/pl\/author\/admin\/"},"rttpg_comment":0,"rttpg_category":null,"rttpg_excerpt":"XAWERY DESKUR Xavery Deskur Wolski (urodzony 28.12.1988 w Aix-en-Provence, Francja) mieszka i pracuje w Krakowie. W 2015 roku uko\u0144czy\u0142 studia magisterskie Akademii Sztuk Pi\u0119knych im. Jana Matejki w Krakowie, na wydziale Grafiki. Zajmuje si\u0119 mi\u0119dzy innymi filmem, komiksem, animacj\u0105 oraz ingerencjami w przestrze\u0144 publiczn\u0105. W 2015 roku laureat (wraz z Olg\u0105 Kowalsk\u0105) w og\u00f3lnopolskim konkursie&hellip;","_links":{"self":[{"href":"https:\/\/nova.art.pl\/pl\/wp-json\/wp\/v2\/pages\/2030","targetHints":{"allow":["GET"]}}],"collection":[{"href":"https:\/\/nova.art.pl\/pl\/wp-json\/wp\/v2\/pages"}],"about":[{"href":"https:\/\/nova.art.pl\/pl\/wp-json\/wp\/v2\/types\/page"}],"author":[{"embeddable":true,"href":"https:\/\/nova.art.pl\/pl\/wp-json\/wp\/v2\/users\/1"}],"replies":[{"embeddable":true,"href":"https:\/\/nova.art.pl\/pl\/wp-json\/wp\/v2\/comments?post=2030"}],"version-history":[{"count":22,"href":"https:\/\/nova.art.pl\/pl\/wp-json\/wp\/v2\/pages\/2030\/revisions"}],"predecessor-version":[{"id":4684,"href":"https:\/\/nova.art.pl\/pl\/wp-json\/wp\/v2\/pages\/2030\/revisions\/4684"}],"wp:featuredmedia":[{"embeddable":true,"href":"https:\/\/nova.art.pl\/pl\/wp-json\/wp\/v2\/media\/1472"}],"wp:attachment":[{"href":"https:\/\/nova.art.pl\/pl\/wp-json\/wp\/v2\/media?parent=2030"}],"curies":[{"name":"wp","href":"https:\/\/api.w.org\/{rel}","templated":true}]}}