{"id":67,"date":"2024-03-29T15:14:12","date_gmt":"2024-03-29T14:14:12","guid":{"rendered":"http:\/\/nova.art.pl\/pl\/?page_id=67"},"modified":"2025-09-03T21:27:15","modified_gmt":"2025-09-03T19:27:15","slug":"o-nas","status":"publish","type":"page","link":"http:\/\/nova.art.pl\/pl\/o-nas\/","title":{"rendered":"O NAS"},"content":{"rendered":"\t\t<div data-elementor-type=\"wp-page\" data-elementor-id=\"67\" class=\"elementor elementor-67\" data-elementor-settings=\"{&quot;ha_cmc_init_switcher&quot;:&quot;no&quot;}\">\n\t\t\t\t<div class=\"elementor-element elementor-element-44f3a13 e-con-full e-flex wpr-particle-no wpr-jarallax-no wpr-parallax-no wpr-sticky-section-no wpr-equal-height-no e-con e-parent\" data-id=\"44f3a13\" data-element_type=\"container\" data-e-type=\"container\" data-settings=\"{&quot;_ha_eqh_enable&quot;:false}\">\n\t\t<div class=\"elementor-element elementor-element-4d6ef65 e-con-full e-flex wpr-particle-no wpr-jarallax-no wpr-parallax-no wpr-sticky-section-no wpr-equal-height-no e-con e-child\" data-id=\"4d6ef65\" data-element_type=\"container\" data-e-type=\"container\" data-settings=\"{&quot;_ha_eqh_enable&quot;:false}\">\n\t\t\t\t<div class=\"elementor-element elementor-element-4300cfe elementor-widget elementor-widget-text-editor\" data-id=\"4300cfe\" data-element_type=\"widget\" data-e-type=\"widget\" data-widget_type=\"text-editor.default\">\n\t\t\t\t<div class=\"elementor-widget-container\">\n\t\t\t\t\t\t\t\t\t<p>MA\u0141GORZATA GO\u0141\u0118BIEWSKA<\/p>\t\t\t\t\t\t\t\t<\/div>\n\t\t\t\t<\/div>\n\t\t\t\t<\/div>\n\t\t<div class=\"elementor-element elementor-element-5b52bbb e-con-full e-flex wpr-particle-no wpr-jarallax-no wpr-parallax-no wpr-sticky-section-no wpr-equal-height-no e-con e-child\" data-id=\"5b52bbb\" data-element_type=\"container\" data-e-type=\"container\" data-settings=\"{&quot;_ha_eqh_enable&quot;:false}\">\n\t\t\t\t<div class=\"elementor-element elementor-element-334c3a4 elementor-widget__width-initial elementor-widget elementor-widget-text-editor\" data-id=\"334c3a4\" data-element_type=\"widget\" data-e-type=\"widget\" data-widget_type=\"text-editor.default\">\n\t\t\t\t<div class=\"elementor-widget-container\">\n\t\t\t\t\t\t\t\t\t<p>Uko\u0144czy\u0142a histori\u0119 sztuki na Uniwersytecie Jagiello\u0144skim w Krakowie.\u00a0<span style=\"font-family: inherit; font-size: inherit; font-style: inherit; font-variant-ligatures: inherit; font-variant-caps: inherit; font-weight: inherit; background-color: inherit;\">Wsp\u00f3\u0142za\u0142o\u017cycielka i kuratorka Art Agenda Nova w Krakowie (2002) specjalizujacej si\u0119 w sztuce aktualnej oraz Fundacji Wsch\u00f3d Sztuki (2006). Pomys\u0142odawczyni i dyrektorka artystyczna Festiwalu Sztuk Wizualnych ArtBoom w Krakowie (2009-2015), prezentujacego sztuk\u0119 w przestrzeni publiczej miasta,\u00a0<\/span><span style=\"font-family: inherit; font-size: inherit; font-style: inherit; font-variant-ligatures: inherit; font-variant-caps: inherit; font-weight: inherit; background-color: inherit;\">wsp\u00f3\u0142inicjatorka Cracow Gallery Weekend Krakers i Cracow Art Week (od 2012). Organizatorka licznych d\u0142ugofalowych, cyklicznych wydarze\u0144 i projekt\u00f3w kulturalnych i artystycznych, dzi\u0119ki kt\u00f3rym prezentowa\u0142a w Krakowie prace takich\u00a0 artyst\u00f3w jak: Miros\u0142aw Ba\u0142ka, Pawe\u0142 Althamer, Pipilotti Rist czy Jenny Holzer. Od wielu lat\u00a0 obecna w krakowskim \u015brodowisku kulturalnym, stworzy\u0142a wiele projekt\u00f3w wystawienniczych o zasi\u0119gu lokalnym, ale tak\u017ce og\u00f3lnopolskim, anga\u017cuj\u0105cych najwybitniejszych polskich i\u00a0zagranicznych tw\u00f3rc\u00f3w. Konsekwentnie wspiera i promuje zar\u00f3wno artyst\u00f3w o uznanej pozycji w \u015bwiecie sztuki, jak i debiutant\u00f3w rozpoczynaj\u0105cych po studiach karier\u0119 artystyczn\u0105 organizuj\u0105c im wystawy dyplomowe czy pierwsze pokazy indywidualne. Do tw\u00f3rc\u00f3w, kt\u00f3rzy pierwsze kroki stawiali\u00a0 w art agenda nova nale\u017c\u0105: Tomasz Kowalski, Bartosz Kokosi\u0144ski, Agnieszka Polska, Norman Leto, \u0141ukasz Surowiec, czy Xawery Deskur, wspierani p\u00f3\u017aniej stypendiami tw\u00f3rczymi Prezydenta Miasta Krakowa. Odkrywa i\u00a0promuje najciekawsze osobowo\u015bci studiuj\u0105ce na krakowskiej Akademii Sztuk Pi\u0119knych w tym\u00a0 ostatnio Patrycj\u0119 Pi\u0119tk\u0119 oraz Edyt\u0119 Olszewsk\u0105 oferuj\u0105c im merytoryczne oraz produkcyjne wsparcie artystycznych aktywno\u015bci. Obj\u0119\u0142a swoj\u0105 kuratel\u0105 ponad 100 wystaw w kraju i zagranic\u0105. Jest organizatork\u0105 licznych projekt\u00f3w kulturalnych i artystycznych, przegl\u0105d\u00f3w sztuki, specjalistk\u0105 w zakresie doradztwa na rynku kolekcjonerskim dzie\u0142 sztuki, autork\u0105 artyku\u0142\u00f3w dotycz\u0105cych sztuki wsp\u00f3\u0142czesnej oraz tekst\u00f3w do katalog\u00f3w wystaw. Wsp\u00f3\u0142tworzy\u0142a r\u00f3wnie\u017c wystawy klasyk\u00f3w sztuki wsp\u00f3\u0142czesnej mi\u0119dzy innymi Tadeusza Kantora czy Jerzego Nowosielskiego. By\u0142a cz\u0142onkini\u0105 grupy roboczej ds. przygotowywania Strategii Promocji Krakowa na lata 2015-2016.\u00a0\u00a0 Od 2019 roku cz\u0142onkini Komisji ds. pracowni tw\u00f3rczych dzia\u0142aj\u0105cej w ramach Wydzia\u0142u Kultury i Dziedzictwa Narodowego Urz\u0119du Miasta Krakowa.\u00a0<\/span><\/p>\t\t\t\t\t\t\t\t<\/div>\n\t\t\t\t<\/div>\n\t\t\t\t<\/div>\n\t\t\t\t<\/div>\n\t\t<div class=\"elementor-element elementor-element-f0886e7 e-con-full e-flex wpr-particle-no wpr-jarallax-no wpr-parallax-no wpr-sticky-section-no wpr-equal-height-no e-con e-parent\" data-id=\"f0886e7\" data-element_type=\"container\" data-e-type=\"container\" data-settings=\"{&quot;_ha_eqh_enable&quot;:false}\">\n\t\t<div class=\"elementor-element elementor-element-30fe7e1 e-con-full e-flex wpr-particle-no wpr-jarallax-no wpr-parallax-no wpr-sticky-section-no wpr-equal-height-no e-con e-child\" data-id=\"30fe7e1\" data-element_type=\"container\" data-e-type=\"container\" data-settings=\"{&quot;_ha_eqh_enable&quot;:false}\">\n\t\t\t\t<div class=\"elementor-element elementor-element-abb09ee elementor-widget elementor-widget-text-editor\" data-id=\"abb09ee\" data-element_type=\"widget\" data-e-type=\"widget\" data-widget_type=\"text-editor.default\">\n\t\t\t\t<div class=\"elementor-widget-container\">\n\t\t\t\t\t\t\t\t\t<p>MARCIN GO\u0141\u0118BIEWSKI\u00a0 \u00a0 \u00a0 \u00a0 \u00a0 \u00a0 \u00a0<\/p>\t\t\t\t\t\t\t\t<\/div>\n\t\t\t\t<\/div>\n\t\t\t\t<\/div>\n\t\t<div class=\"elementor-element elementor-element-9621eb3 e-con-full e-flex wpr-particle-no wpr-jarallax-no wpr-parallax-no wpr-sticky-section-no wpr-equal-height-no e-con e-child\" data-id=\"9621eb3\" data-element_type=\"container\" data-e-type=\"container\" data-settings=\"{&quot;_ha_eqh_enable&quot;:false}\">\n\t\t\t\t<div class=\"elementor-element elementor-element-fb19fa4 elementor-widget__width-initial elementor-widget elementor-widget-text-editor\" data-id=\"fb19fa4\" data-element_type=\"widget\" data-e-type=\"widget\" data-widget_type=\"text-editor.default\">\n\t\t\t\t<div class=\"elementor-widget-container\">\n\t\t\t\t\t\t\t\t\t<p>Absolwent studi\u00f3w teologicznych na obecnym Uniwersytecie Papieskim (specjalno\u015b\u0107 Teologia Pastoralna) oraz studi\u00f3w podyplomowych z zakresu prawa w\u0142asno\u015bci intelektualnej na Uniwersytecie Jagiello\u0144skim. Wsp\u00f3\u0142za\u0142o\u017cyciel i kurator Art Agenda Nova w Krakowie (2002). Za\u0142o\u017cyciel i prezes Fundacji Wsch\u00f3d Sztuki (od 2006) i Stowarzyszenia Autor\u00f3w Sztuk Wizualnych (od 2022). Specjalista z zakresu autorskiego prawa maj\u0105tkowego.\u00a0 Pe\u0142nomocnik rodziny Franciszka Starowieyskiego, spadkobierczyni Jerzego Dudy-Gracza oraz Muzeum w Sanoku\u00a0 (w kwestiach rynku sztuki zwi\u0105zanych ze Zdzis\u0142awem Beksi\u0144skim). Reprezentuje r\u00f3wnie\u017c \u017cyj\u0105cych artyst\u00f3w sztuk wizualnych, takich jak Norman Leto, Grupa The Krasnals, Jerzy Skolimowski, Andrzej Pagowski. Wsp\u00f3\u0142tw\u00f3rca Festiwalu Sztuk Wizualnych ArtBoom w Krakowie (2009-2015), wsp\u00f3\u0142inicjator Cracow Gallery Weekend Krakers i Cracow Art Week (od 2012). Jeden z\u00a0najbardziej cenionych marszand\u00f3w w kraju, za jego po\u015brednictwem prace artyst\u00f3w trafi\u0142y mi\u0119dzy innymi do kolekcji Muzeum Narodowego w Krakowie, Warszawie, Gda\u0144sku, Muzeum \u015al\u0105skiego, G\u00f3rno\u015bl\u0105skiego Muzeum w Bytomiu, Muzeum Sztuki Wsp\u00f3\u0142czesnej MOCAK, CSW, Zamek Ujazdowski, Bunkra Sztuki i\u00a0innych. Pomaga tworzy\u0107 r\u00f3wnie\u017c kolekcje prywatne i korporacyjne. Cz\u0142onek Stowarzyszenia Antykwariuszy i Marszand\u00f3w Polskich. Od 2018 roku reprezentuje rodzin\u0119 zmar\u0142ego w 2004 roku Jerzego Dud\u0119-Gracza d\u0105\u017c\u0105c do upami\u0119tnienia docenianego tw\u00f3rcy, przez dekady kszta\u0142tuj\u0105cego wyobra\u017ani\u0119 wielu Polak\u00f3w.\u00a0 Dzi\u0119ki wsp\u00f3\u0142pracy z Gmin\u0105 Miejsk\u0105 Krak\u00f3w i Prezydentem prof. Jackiem Majchrowskim obok sta\u0142ej galerii prac Zdzis\u0142awa Beksi\u0144skiego, zosta\u0142a stworzona Galeria prac Jerzego Dudy-Gracza w\u00a0Nowohuckim Centrum Kultury. Obecnie podobne dzia\u0142ania podejmuje w sprawie spu\u015bcizny Franciszka Starowieyskiego, dzia\u0142aj\u0105c w Warszawie.W latach 2013-2016 by\u0142 dyrektorem artystycznym Katowice Streetart Festival. W 2022 roku roku we wsp\u00f3\u0142pracy z Fundacj\u0105 Off Camera, KBF oraz Muzeum Sztuki i\u00a0Techniki Japo\u0144skiej Manggha\u00a0 zorganizowa\u0142 i kuratorowa\u0142 wystaw\u0119 Jerzego Skolimowskiego \u201eW\u00a0malarstwie wszystko mi wolno\u201d.<\/p>\t\t\t\t\t\t\t\t<\/div>\n\t\t\t\t<\/div>\n\t\t\t\t<\/div>\n\t\t\t\t<\/div>\n\t\t<div class=\"elementor-element elementor-element-7107346 e-flex e-con-boxed wpr-particle-no wpr-jarallax-no wpr-parallax-no wpr-sticky-section-no wpr-equal-height-no e-con e-parent\" data-id=\"7107346\" data-element_type=\"container\" data-e-type=\"container\" data-settings=\"{&quot;_ha_eqh_enable&quot;:false}\">\n\t\t\t\t\t<div class=\"e-con-inner\">\n\t\t<div class=\"elementor-element elementor-element-70bfd95 e-con-full e-flex wpr-particle-no wpr-jarallax-no wpr-parallax-no wpr-sticky-section-no wpr-equal-height-no e-con e-child\" data-id=\"70bfd95\" data-element_type=\"container\" data-e-type=\"container\" data-settings=\"{&quot;_ha_eqh_enable&quot;:false}\">\n\t\t\t\t<\/div>\n\t\t\t\t\t<\/div>\n\t\t\t\t<\/div>\n\t\t\t\t<\/div>\n\t\t","protected":false},"excerpt":{"rendered":"<p>MA\u0141GORZATA GO\u0141\u0118BIEWSKA Uko\u0144czy\u0142a histori\u0119 sztuki na Uniwersytecie Jagiello\u0144skim w Krakowie.\u00a0Wsp\u00f3\u0142za\u0142o\u017cycielka i kuratorka Art Agenda Nova w Krakowie (2002) specjalizujacej si\u0119 w sztuce aktualnej oraz Fundacji Wsch\u00f3d Sztuki (2006). Pomys\u0142odawczyni i dyrektorka artystyczna Festiwalu Sztuk Wizualnych ArtBoom w Krakowie (2009-2015), prezentujacego sztuk\u0119 w przestrzeni publiczej miasta,\u00a0wsp\u00f3\u0142inicjatorka Cracow Gallery Weekend Krakers i Cracow Art Week (od 2012). Organizatorka licznych d\u0142ugofalowych, cyklicznych wydarze\u0144 i projekt\u00f3w kulturalnych i artystycznych, dzi\u0119ki kt\u00f3rym prezentowa\u0142a w Krakowie prace takich\u00a0 artyst\u00f3w jak: Miros\u0142aw Ba\u0142ka, Pawe\u0142 Althamer, Pipilotti Rist czy Jenny Holzer. Od wielu lat\u00a0 obecna w krakowskim \u015brodowisku kulturalnym, stworzy\u0142a wiele projekt\u00f3w wystawienniczych o zasi\u0119gu lokalnym, ale tak\u017ce og\u00f3lnopolskim, anga\u017cuj\u0105cych najwybitniejszych polskich i\u00a0zagranicznych tw\u00f3rc\u00f3w. Konsekwentnie wspiera i promuje zar\u00f3wno artyst\u00f3w o uznanej pozycji w \u015bwiecie sztuki, jak i debiutant\u00f3w rozpoczynaj\u0105cych po studiach karier\u0119 artystyczn\u0105 organizuj\u0105c im wystawy dyplomowe czy pierwsze pokazy indywidualne. Do tw\u00f3rc\u00f3w, kt\u00f3rzy pierwsze kroki stawiali\u00a0 w art agenda nova nale\u017c\u0105: Tomasz Kowalski, Bartosz Kokosi\u0144ski, Agnieszka Polska, Norman Leto, \u0141ukasz Surowiec, czy Xawery Deskur, wspierani p\u00f3\u017aniej stypendiami tw\u00f3rczymi Prezydenta Miasta Krakowa. Odkrywa i\u00a0promuje najciekawsze osobowo\u015bci studiuj\u0105ce na krakowskiej Akademii Sztuk Pi\u0119knych w tym\u00a0 ostatnio Patrycj\u0119 Pi\u0119tk\u0119 oraz Edyt\u0119 Olszewsk\u0105 oferuj\u0105c im merytoryczne oraz produkcyjne wsparcie artystycznych aktywno\u015bci. Obj\u0119\u0142a swoj\u0105 kuratel\u0105 ponad 100 wystaw w kraju i zagranic\u0105. Jest organizatork\u0105 licznych projekt\u00f3w kulturalnych i artystycznych, przegl\u0105d\u00f3w sztuki, specjalistk\u0105 w zakresie doradztwa na rynku kolekcjonerskim dzie\u0142 sztuki, autork\u0105 artyku\u0142\u00f3w dotycz\u0105cych sztuki wsp\u00f3\u0142czesnej oraz tekst\u00f3w do katalog\u00f3w wystaw. Wsp\u00f3\u0142tworzy\u0142a r\u00f3wnie\u017c wystawy klasyk\u00f3w sztuki wsp\u00f3\u0142czesnej mi\u0119dzy innymi Tadeusza Kantora czy Jerzego Nowosielskiego. By\u0142a cz\u0142onkini\u0105 grupy roboczej ds. przygotowywania Strategii Promocji Krakowa na lata 2015-2016.\u00a0\u00a0 Od 2019 roku cz\u0142onkini Komisji ds. pracowni tw\u00f3rczych dzia\u0142aj\u0105cej w ramach Wydzia\u0142u Kultury i Dziedzictwa Narodowego Urz\u0119du Miasta Krakowa.\u00a0 MARCIN GO\u0141\u0118BIEWSKI\u00a0 \u00a0 \u00a0 \u00a0 \u00a0 \u00a0 \u00a0 Absolwent studi\u00f3w teologicznych na obecnym Uniwersytecie Papieskim (specjalno\u015b\u0107 Teologia Pastoralna) oraz studi\u00f3w podyplomowych z zakresu prawa w\u0142asno\u015bci intelektualnej na Uniwersytecie Jagiello\u0144skim. Wsp\u00f3\u0142za\u0142o\u017cyciel i kurator Art Agenda Nova w Krakowie (2002). Za\u0142o\u017cyciel i prezes Fundacji Wsch\u00f3d Sztuki (od 2006) i Stowarzyszenia Autor\u00f3w Sztuk Wizualnych (od 2022). Specjalista z zakresu autorskiego prawa maj\u0105tkowego.\u00a0 Pe\u0142nomocnik rodziny Franciszka Starowieyskiego, spadkobierczyni Jerzego Dudy-Gracza oraz Muzeum w Sanoku\u00a0 (w kwestiach rynku sztuki zwi\u0105zanych ze Zdzis\u0142awem Beksi\u0144skim). Reprezentuje r\u00f3wnie\u017c \u017cyj\u0105cych artyst\u00f3w sztuk wizualnych, takich jak Norman Leto, Grupa The Krasnals, Jerzy Skolimowski, Andrzej Pagowski. Wsp\u00f3\u0142tw\u00f3rca Festiwalu Sztuk Wizualnych ArtBoom w Krakowie (2009-2015), wsp\u00f3\u0142inicjator Cracow Gallery Weekend Krakers i Cracow Art Week (od 2012). Jeden z\u00a0najbardziej cenionych marszand\u00f3w w kraju, za jego po\u015brednictwem prace artyst\u00f3w trafi\u0142y mi\u0119dzy innymi do kolekcji Muzeum Narodowego w Krakowie, Warszawie, Gda\u0144sku, Muzeum \u015al\u0105skiego, G\u00f3rno\u015bl\u0105skiego Muzeum w Bytomiu, Muzeum Sztuki Wsp\u00f3\u0142czesnej MOCAK, CSW, Zamek Ujazdowski, Bunkra Sztuki i\u00a0innych. Pomaga tworzy\u0107 r\u00f3wnie\u017c kolekcje prywatne i korporacyjne. Cz\u0142onek Stowarzyszenia Antykwariuszy i Marszand\u00f3w Polskich. Od 2018 roku reprezentuje rodzin\u0119 zmar\u0142ego w 2004 roku Jerzego Dud\u0119-Gracza d\u0105\u017c\u0105c do upami\u0119tnienia docenianego tw\u00f3rcy, przez dekady kszta\u0142tuj\u0105cego wyobra\u017ani\u0119 wielu Polak\u00f3w.\u00a0 Dzi\u0119ki wsp\u00f3\u0142pracy z Gmin\u0105 Miejsk\u0105 Krak\u00f3w i Prezydentem prof. Jackiem Majchrowskim obok sta\u0142ej galerii prac Zdzis\u0142awa Beksi\u0144skiego, zosta\u0142a stworzona Galeria prac Jerzego Dudy-Gracza w\u00a0Nowohuckim Centrum Kultury. Obecnie podobne dzia\u0142ania podejmuje w sprawie spu\u015bcizny Franciszka Starowieyskiego, dzia\u0142aj\u0105c w Warszawie.W latach 2013-2016 by\u0142 dyrektorem artystycznym Katowice Streetart Festival. W 2022 roku roku we wsp\u00f3\u0142pracy z Fundacj\u0105 Off Camera, KBF oraz Muzeum Sztuki i\u00a0Techniki Japo\u0144skiej Manggha\u00a0 zorganizowa\u0142 i kuratorowa\u0142 wystaw\u0119 Jerzego Skolimowskiego \u201eW\u00a0malarstwie wszystko mi wolno\u201d.<\/p>\n","protected":false},"author":1,"featured_media":0,"parent":0,"menu_order":0,"comment_status":"closed","ping_status":"closed","template":"","meta":{"_gspb_post_css":"","_vp_format_video_url":"","_vp_image_focal_point":[],"footnotes":""},"class_list":["post-67","page","type-page","status-publish","hentry"],"blocksy_meta":[],"rttpg_featured_image_url":null,"rttpg_author":{"display_name":"Arek","author_link":"http:\/\/nova.art.pl\/pl\/author\/admin\/"},"rttpg_comment":0,"rttpg_category":null,"rttpg_excerpt":"MA\u0141GORZATA GO\u0141\u0118BIEWSKA Uko\u0144czy\u0142a histori\u0119 sztuki na Uniwersytecie Jagiello\u0144skim w Krakowie.\u00a0Wsp\u00f3\u0142za\u0142o\u017cycielka i kuratorka Art Agenda Nova w Krakowie (2002) specjalizujacej si\u0119 w sztuce aktualnej oraz Fundacji Wsch\u00f3d Sztuki (2006). Pomys\u0142odawczyni i dyrektorka artystyczna Festiwalu Sztuk Wizualnych ArtBoom w Krakowie (2009-2015), prezentujacego sztuk\u0119 w przestrzeni publiczej miasta,\u00a0wsp\u00f3\u0142inicjatorka Cracow Gallery Weekend Krakers i Cracow Art Week (od 2012).&hellip;","_links":{"self":[{"href":"http:\/\/nova.art.pl\/pl\/wp-json\/wp\/v2\/pages\/67","targetHints":{"allow":["GET"]}}],"collection":[{"href":"http:\/\/nova.art.pl\/pl\/wp-json\/wp\/v2\/pages"}],"about":[{"href":"http:\/\/nova.art.pl\/pl\/wp-json\/wp\/v2\/types\/page"}],"author":[{"embeddable":true,"href":"http:\/\/nova.art.pl\/pl\/wp-json\/wp\/v2\/users\/1"}],"replies":[{"embeddable":true,"href":"http:\/\/nova.art.pl\/pl\/wp-json\/wp\/v2\/comments?post=67"}],"version-history":[{"count":26,"href":"http:\/\/nova.art.pl\/pl\/wp-json\/wp\/v2\/pages\/67\/revisions"}],"predecessor-version":[{"id":4604,"href":"http:\/\/nova.art.pl\/pl\/wp-json\/wp\/v2\/pages\/67\/revisions\/4604"}],"wp:attachment":[{"href":"http:\/\/nova.art.pl\/pl\/wp-json\/wp\/v2\/media?parent=67"}],"curies":[{"name":"wp","href":"https:\/\/api.w.org\/{rel}","templated":true}]}}