{"id":36,"date":"2024-03-29T14:29:48","date_gmt":"2024-03-29T13:29:48","guid":{"rendered":"http:\/\/nova.art.pl\/pl\/mesmerize\/"},"modified":"2026-04-20T18:39:51","modified_gmt":"2026-04-20T16:39:51","slug":"mesmerize","status":"publish","type":"page","link":"http:\/\/nova.art.pl\/pl\/","title":{"rendered":""},"content":{"rendered":"\t\t<div data-elementor-type=\"wp-page\" data-elementor-id=\"36\" class=\"elementor elementor-36\" data-elementor-settings=\"{&quot;ha_cmc_init_switcher&quot;:&quot;no&quot;}\">\n\t\t\t\t<div class=\"elementor-element elementor-element-b5ddc3f e-con-full e-flex wpr-particle-no wpr-jarallax-no wpr-parallax-no wpr-sticky-section-no wpr-equal-height-no e-con e-parent\" data-id=\"b5ddc3f\" data-element_type=\"container\" data-e-type=\"container\" data-settings=\"{&quot;_ha_eqh_enable&quot;:false}\">\n\t\t\t\t<div class=\"elementor-element elementor-element-2714ca6 elementor-widget elementor-widget-image\" data-id=\"2714ca6\" data-element_type=\"widget\" data-e-type=\"widget\" data-widget_type=\"image.default\">\n\t\t\t\t<div class=\"elementor-widget-container\">\n\t\t\t\t\t\t\t\t\t\t\t\t\t\t\t<img fetchpriority=\"high\" decoding=\"async\" width=\"2048\" height=\"1079\" src=\"http:\/\/nova.art.pl\/pl\/wp-content\/uploads\/sites\/3\/2026\/04\/baner-BIKOLERZY-2048x1079.png\" class=\"attachment-2048x2048 size-2048x2048 wp-image-4962\" alt=\"\" srcset=\"http:\/\/nova.art.pl\/pl\/wp-content\/uploads\/sites\/3\/2026\/04\/baner-BIKOLERZY-2048x1079.png 2048w, http:\/\/nova.art.pl\/pl\/wp-content\/uploads\/sites\/3\/2026\/04\/baner-BIKOLERZY-300x158.png 300w, http:\/\/nova.art.pl\/pl\/wp-content\/uploads\/sites\/3\/2026\/04\/baner-BIKOLERZY-1024x540.png 1024w, http:\/\/nova.art.pl\/pl\/wp-content\/uploads\/sites\/3\/2026\/04\/baner-BIKOLERZY-768x405.png 768w, http:\/\/nova.art.pl\/pl\/wp-content\/uploads\/sites\/3\/2026\/04\/baner-BIKOLERZY-1536x809.png 1536w, http:\/\/nova.art.pl\/pl\/wp-content\/uploads\/sites\/3\/2026\/04\/baner-BIKOLERZY-500x263.png 500w, http:\/\/nova.art.pl\/pl\/wp-content\/uploads\/sites\/3\/2026\/04\/baner-BIKOLERZY-800x422.png 800w, http:\/\/nova.art.pl\/pl\/wp-content\/uploads\/sites\/3\/2026\/04\/baner-BIKOLERZY-1280x674.png 1280w, http:\/\/nova.art.pl\/pl\/wp-content\/uploads\/sites\/3\/2026\/04\/baner-BIKOLERZY-1920x1012.png 1920w\" sizes=\"(max-width: 2048px) 100vw, 2048px\" \/>\t\t\t\t\t\t\t\t\t\t\t\t\t\t\t<\/div>\n\t\t\t\t<\/div>\n\t\t\t\t<\/div>\n\t\t<div class=\"elementor-element elementor-element-f0a4c69 e-con-full e-flex wpr-particle-no wpr-jarallax-no wpr-parallax-no wpr-sticky-section-no wpr-equal-height-no e-con e-parent\" data-id=\"f0a4c69\" data-element_type=\"container\" data-e-type=\"container\" data-settings=\"{&quot;_ha_eqh_enable&quot;:false}\">\n\t\t\t\t<div class=\"elementor-element elementor-element-012ca9c elementor-widget elementor-widget-text-editor\" data-id=\"012ca9c\" data-element_type=\"widget\" data-e-type=\"widget\" data-widget_type=\"text-editor.default\">\n\t\t\t\t<div class=\"elementor-widget-container\">\n\t\t\t\t\t\t\t\t\t<p>Wystawa zbiorowa<br \/><em>Brikolerzy. Architekci resztek<br \/><\/em>24.04 &#8211; 29.05.2026\u00a0<\/p>\t\t\t\t\t\t\t\t<\/div>\n\t\t\t\t<\/div>\n\t\t\t\t<\/div>\n\t\t<div class=\"elementor-element elementor-element-69c4e0d e-flex e-con-boxed wpr-particle-no wpr-jarallax-no wpr-parallax-no wpr-sticky-section-no wpr-equal-height-no e-con e-parent\" data-id=\"69c4e0d\" data-element_type=\"container\" data-e-type=\"container\" data-settings=\"{&quot;_ha_eqh_enable&quot;:false}\">\n\t\t\t\t\t<div class=\"e-con-inner\">\n\t\t\t\t<div class=\"elementor-element elementor-element-9bdffa5 elementor-widget-divider--view-line elementor-widget elementor-widget-divider\" data-id=\"9bdffa5\" data-element_type=\"widget\" data-e-type=\"widget\" data-widget_type=\"divider.default\">\n\t\t\t\t<div class=\"elementor-widget-container\">\n\t\t\t\t\t\t\t<div class=\"elementor-divider\">\n\t\t\t<span class=\"elementor-divider-separator\">\n\t\t\t\t\t\t<\/span>\n\t\t<\/div>\n\t\t\t\t\t\t<\/div>\n\t\t\t\t<\/div>\n\t\t\t\t\t<\/div>\n\t\t\t\t<\/div>\n\t\t<div class=\"elementor-element elementor-element-4bb4c7f e-con-full e-flex wpr-particle-no wpr-jarallax-no wpr-parallax-no wpr-sticky-section-no wpr-equal-height-no e-con e-parent\" data-id=\"4bb4c7f\" data-element_type=\"container\" data-e-type=\"container\" data-settings=\"{&quot;_ha_eqh_enable&quot;:false}\">\n\t\t\t\t<div class=\"elementor-element elementor-element-8aae704 elementor-widget elementor-widget-text-editor\" data-id=\"8aae704\" data-element_type=\"widget\" data-e-type=\"widget\" data-widget_type=\"text-editor.default\">\n\t\t\t\t<div class=\"elementor-widget-container\">\n\t\t\t\t\t\t\t\t\t<p>Aktualno\u015bci<\/p>\t\t\t\t\t\t\t\t<\/div>\n\t\t\t\t<\/div>\n\t\t\t\t<\/div>\n\t\t<div class=\"elementor-element elementor-element-dab7e5a e-flex e-con-boxed wpr-particle-no wpr-jarallax-no wpr-parallax-no wpr-sticky-section-no wpr-equal-height-no e-con e-parent\" data-id=\"dab7e5a\" data-element_type=\"container\" data-e-type=\"container\" data-settings=\"{&quot;_ha_eqh_enable&quot;:false}\">\n\t\t\t\t\t<div class=\"e-con-inner\">\n\t\t<div class=\"elementor-element elementor-element-f3c89a5 e-con-full e-flex wpr-particle-no wpr-jarallax-no wpr-parallax-no wpr-sticky-section-no wpr-equal-height-no e-con e-child\" data-id=\"f3c89a5\" data-element_type=\"container\" data-e-type=\"container\" data-settings=\"{&quot;_ha_eqh_enable&quot;:false}\">\n\t\t\t\t<div class=\"elementor-element elementor-element-af575ac elementor-grid-eael-col-3 elementor-grid-tablet-eael-col-2 elementor-grid-mobile-eael-col-1 elementor-widget elementor-widget-eael-post-grid\" data-id=\"af575ac\" data-element_type=\"widget\" data-e-type=\"widget\" data-settings=\"{&quot;eael_post_grid_columns&quot;:&quot;eael-col-3&quot;,&quot;eael_post_grid_columns_tablet&quot;:&quot;eael-col-2&quot;,&quot;eael_post_grid_columns_mobile&quot;:&quot;eael-col-1&quot;}\" data-widget_type=\"eael-post-grid.default\">\n\t\t\t\t<div class=\"elementor-widget-container\">\n\t\t\t\t\t<div id=\"eael-post-grid-af575ac\" class=\"eael-post-grid-container\">\n            <div class=\"eael-post-grid eael-post-appender eael-post-appender-af575ac eael-post-grid-style-two\" data-layout-mode=\"masonry\"><article class=\"eael-grid-post  eael-post-grid-column eael-pg-post-5051 category-2026-aktualne-wystawy-aktualnosci-wystawy\" data-id=\"5051\">\n    <div class=\"eael-grid-post-holder\">\n        <div class=\"eael-grid-post-holder-inner\"><div class=\"eael-entry-media\"><div class=\"eael-entry-overlay fade-in\"><i class=\"fas fa-long-arrow-alt-right\" aria-hidden=\"true\"><\/i><a href=\"http:\/\/nova.art.pl\/pl\/brikolerzy-architekci-resztek\/\"><\/a><\/div><div class=\"eael-entry-thumbnail \">\n                            <img decoding=\"async\" width=\"724\" height=\"1024\" src=\"http:\/\/nova.art.pl\/pl\/wp-content\/uploads\/sites\/3\/2026\/04\/Plakat-Nova-724x1024.png\" class=\"attachment-large size-large wp-image-5053\" alt=\"\" srcset=\"http:\/\/nova.art.pl\/pl\/wp-content\/uploads\/sites\/3\/2026\/04\/Plakat-Nova-724x1024.png 724w, http:\/\/nova.art.pl\/pl\/wp-content\/uploads\/sites\/3\/2026\/04\/Plakat-Nova-212x300.png 212w, http:\/\/nova.art.pl\/pl\/wp-content\/uploads\/sites\/3\/2026\/04\/Plakat-Nova-768x1086.png 768w, http:\/\/nova.art.pl\/pl\/wp-content\/uploads\/sites\/3\/2026\/04\/Plakat-Nova-1086x1536.png 1086w, http:\/\/nova.art.pl\/pl\/wp-content\/uploads\/sites\/3\/2026\/04\/Plakat-Nova-1448x2048.png 1448w, http:\/\/nova.art.pl\/pl\/wp-content\/uploads\/sites\/3\/2026\/04\/Plakat-Nova-500x707.png 500w, http:\/\/nova.art.pl\/pl\/wp-content\/uploads\/sites\/3\/2026\/04\/Plakat-Nova-800x1131.png 800w, http:\/\/nova.art.pl\/pl\/wp-content\/uploads\/sites\/3\/2026\/04\/Plakat-Nova-1280x1810.png 1280w, http:\/\/nova.art.pl\/pl\/wp-content\/uploads\/sites\/3\/2026\/04\/Plakat-Nova-1920x2715.png 1920w, http:\/\/nova.art.pl\/pl\/wp-content\/uploads\/sites\/3\/2026\/04\/Plakat-Nova-scaled.png 1810w\" sizes=\"(max-width: 724px) 100vw, 724px\" \/>\n                            <\/div>\n                    <\/div><div class=\"eael-entry-wrapper\"><header class=\"eael-entry-header\"><h1 class=\"eael-entry-title\"><a class=\"eael-grid-post-link\" href=\"http:\/\/nova.art.pl\/pl\/brikolerzy-architekci-resztek\/\" title=\"Brikolerzy. Architekci resztek\">Brikolerzy. Architekci resztek<\/a><\/h1><\/header><div class=\"eael-entry-header-after style-two\"><div class=\"eael-entry-meta\"><span class=\"eael-meta-posted-on\"><i class=\"far fa-clock\"><\/i><time datetime=\"2026-04-17\">2026-04-17<\/time><\/span><\/div><\/div><\/div><\/div>\n    <\/div>\n<\/article><article class=\"eael-grid-post  eael-post-grid-column eael-pg-post-5044 category-aktualnosci-lukasz-surowiec\" data-id=\"5044\">\n    <div class=\"eael-grid-post-holder\">\n        <div class=\"eael-grid-post-holder-inner\"><div class=\"eael-entry-media\"><div class=\"eael-entry-overlay fade-in\"><i class=\"fas fa-long-arrow-alt-right\" aria-hidden=\"true\"><\/i><a href=\"http:\/\/nova.art.pl\/pl\/dokumentacje-pracy-dar-dla-boga-lukasz__surowiec-mozna-ogladac-do-3-maja-na-ekranie-fundacji-sztuki-polskiej-ing-na-placu-unii-przy-ul-pulawskiej-2-w-warszawie\/\"><\/a><\/div><div class=\"eael-entry-thumbnail \">\n                            <img decoding=\"async\" width=\"684\" height=\"1024\" src=\"http:\/\/nova.art.pl\/pl\/wp-content\/uploads\/sites\/3\/2026\/04\/WhatsApp-Image-2026-04-07-at-18.36.51-684x1024.jpeg\" class=\"attachment-large size-large wp-image-5046\" alt=\"\" srcset=\"http:\/\/nova.art.pl\/pl\/wp-content\/uploads\/sites\/3\/2026\/04\/WhatsApp-Image-2026-04-07-at-18.36.51-684x1024.jpeg 684w, http:\/\/nova.art.pl\/pl\/wp-content\/uploads\/sites\/3\/2026\/04\/WhatsApp-Image-2026-04-07-at-18.36.51-200x300.jpeg 200w, http:\/\/nova.art.pl\/pl\/wp-content\/uploads\/sites\/3\/2026\/04\/WhatsApp-Image-2026-04-07-at-18.36.51-768x1151.jpeg 768w, http:\/\/nova.art.pl\/pl\/wp-content\/uploads\/sites\/3\/2026\/04\/WhatsApp-Image-2026-04-07-at-18.36.51-1025x1536.jpeg 1025w, http:\/\/nova.art.pl\/pl\/wp-content\/uploads\/sites\/3\/2026\/04\/WhatsApp-Image-2026-04-07-at-18.36.51-500x749.jpeg 500w, http:\/\/nova.art.pl\/pl\/wp-content\/uploads\/sites\/3\/2026\/04\/WhatsApp-Image-2026-04-07-at-18.36.51-800x1199.jpeg 800w, http:\/\/nova.art.pl\/pl\/wp-content\/uploads\/sites\/3\/2026\/04\/WhatsApp-Image-2026-04-07-at-18.36.51.jpeg 1068w\" sizes=\"(max-width: 684px) 100vw, 684px\" \/>\n                            <\/div>\n                    <\/div><div class=\"eael-entry-wrapper\"><header class=\"eael-entry-header\"><h1 class=\"eael-entry-title\"><a class=\"eael-grid-post-link\" href=\"http:\/\/nova.art.pl\/pl\/dokumentacje-pracy-dar-dla-boga-lukasz__surowiec-mozna-ogladac-do-3-maja-na-ekranie-fundacji-sztuki-polskiej-ing-na-placu-unii-przy-ul-pulawskiej-2-w-warszawie\/\" title=\"Dokumentacj\u0119 pracy \u201eDar dla Boga\u201d @lukasz__surowiec mo\u017cna ogl\u0105da\u0107 do 3 maja na Ekranie Fundacji Sztuki Polskiej ING na Placu Unii przy ul. Pu\u0142awskiej 2 w Warszawie\">Dokumentacj\u0119 pracy \u201eDar dla Boga\u201d @lukasz__surowiec mo\u017cna ogl\u0105da\u0107 do 3 maja na Ekranie Fundacji Sztuki Polskiej ING na Placu Unii przy ul. Pu\u0142awskiej 2 w Warszawie<\/a><\/h1><\/header><div class=\"eael-entry-header-after style-two\"><div class=\"eael-entry-meta\"><span class=\"eael-meta-posted-on\"><i class=\"far fa-clock\"><\/i><time datetime=\"2026-04-17\">2026-04-17<\/time><\/span><\/div><\/div><\/div><\/div>\n    <\/div>\n<\/article><article class=\"eael-grid-post  eael-post-grid-column eael-pg-post-4771 category-aktualnosci-aukcje\" data-id=\"4771\">\n    <div class=\"eael-grid-post-holder\">\n        <div class=\"eael-grid-post-holder-inner\"><div class=\"eael-entry-wrapper\"><header class=\"eael-entry-header\"><h1 class=\"eael-entry-title\"><a class=\"eael-grid-post-link\" href=\"http:\/\/nova.art.pl\/pl\/xi-galicyjska-aukcja-sztuki-wspolczesnej\/\" title=\"XI Galicyjska Aukcja Sztuki Wsp\u00f3\u0142czesnej\">XI Galicyjska Aukcja Sztuki Wsp\u00f3\u0142czesnej<\/a><\/h1><\/header><div class=\"eael-entry-header-after style-two\"><div class=\"eael-entry-meta\"><span class=\"eael-meta-posted-on\"><i class=\"far fa-clock\"><\/i><time datetime=\"2026-03-05\">2026-03-05<\/time><\/span><\/div><\/div><\/div><\/div>\n    <\/div>\n<\/article><\/div>\n            <div class=\"clearfix\"><\/div>\n        <\/div>            <div class=\"eael-load-more-button-wrap eael-force-hide\">\n                <button class=\"eael-load-more-button\" id=\"eael-load-more-btn-af575ac\" data-widget-id=\"af575ac\" data-widget=\"af575ac\" data-page-id=\"36\" data-template=\"{&quot;dir&quot;:&quot;lite&quot;,&quot;file_name&quot;:&quot;two.php&quot;,&quot;name&quot;:&quot;Post-Grid&quot;}\" data-class=\"Essential_Addons_Elementor\\Elements\\Post_Grid\" data-layout=\"masonry\" data-page=\"1\" data-args=\"orderby=date&amp;order=desc&amp;ignore_sticky_posts=1&amp;post_status=publish&amp;posts_per_page=3&amp;offset=0&amp;post_type=post&amp;tax_query%5B0%5D%5Btaxonomy%5D=category&amp;tax_query%5B0%5D%5Bfield%5D=term_id&amp;tax_query%5B0%5D%5Bterms%5D%5B0%5D=8&amp;tax_query%5Brelation%5D=AND\" data-max-page=\"31\">\n                    <span class=\"eael-btn-loader button__loader\"><\/span>\n                    <span class=\"eael_load_more_text\">Load More<\/span>\n                <\/button>\n            <\/div>\n            \t\t\t\t<\/div>\n\t\t\t\t<\/div>\n\t\t\t\t<\/div>\n\t\t\t\t\t<\/div>\n\t\t\t\t<\/div>\n\t\t\t\t<\/div>\n\t\t","protected":false},"excerpt":{"rendered":"<p>Wystawa zbiorowaBrikolerzy. Architekci resztek24.04 &#8211; 29.05.2026\u00a0 Aktualno\u015bci Brikolerzy. Architekci resztek 2026-04-17 Dokumentacj\u0119 pracy \u201eDar dla Boga\u201d @lukasz__surowiec mo\u017cna ogl\u0105da\u0107 do 3 maja na Ekranie Fundacji Sztuki Polskiej ING na Placu Unii przy ul. Pu\u0142awskiej 2 w Warszawie 2026-04-17 XI Galicyjska Aukcja Sztuki Wsp\u00f3\u0142czesnej 2026-03-05 Load More<\/p>\n","protected":false},"author":1,"featured_media":0,"parent":0,"menu_order":0,"comment_status":"closed","ping_status":"closed","template":"","meta":{"_gspb_post_css":"","_vp_format_video_url":"","_vp_image_focal_point":[],"footnotes":""},"class_list":["post-36","page","type-page","status-publish","hentry"],"blocksy_meta":[],"rttpg_featured_image_url":null,"rttpg_author":{"display_name":"Arek","author_link":"http:\/\/nova.art.pl\/pl\/author\/admin\/"},"rttpg_comment":0,"rttpg_category":"","rttpg_excerpt":"Wystawa zbiorowaBrikolerzy. Architekci resztek24.04 &#8211; 29.05.2026\u00a0 Aktualno\u015bci Brikolerzy. Architekci resztek 2026-04-17 Dokumentacj\u0119 pracy \u201eDar dla Boga\u201d @lukasz__surowiec mo\u017cna ogl\u0105da\u0107 do 3 maja na Ekranie Fundacji Sztuki Polskiej ING na Placu Unii przy ul. Pu\u0142awskiej 2 w Warszawie 2026-04-17 XI Galicyjska Aukcja Sztuki Wsp\u00f3\u0142czesnej 2026-03-05 Load More","_links":{"self":[{"href":"http:\/\/nova.art.pl\/pl\/wp-json\/wp\/v2\/pages\/36","targetHints":{"allow":["GET"]}}],"collection":[{"href":"http:\/\/nova.art.pl\/pl\/wp-json\/wp\/v2\/pages"}],"about":[{"href":"http:\/\/nova.art.pl\/pl\/wp-json\/wp\/v2\/types\/page"}],"author":[{"embeddable":true,"href":"http:\/\/nova.art.pl\/pl\/wp-json\/wp\/v2\/users\/1"}],"replies":[{"embeddable":true,"href":"http:\/\/nova.art.pl\/pl\/wp-json\/wp\/v2\/comments?post=36"}],"version-history":[{"count":577,"href":"http:\/\/nova.art.pl\/pl\/wp-json\/wp\/v2\/pages\/36\/revisions"}],"predecessor-version":[{"id":5139,"href":"http:\/\/nova.art.pl\/pl\/wp-json\/wp\/v2\/pages\/36\/revisions\/5139"}],"wp:attachment":[{"href":"http:\/\/nova.art.pl\/pl\/wp-json\/wp\/v2\/media?parent=36"}],"curies":[{"name":"wp","href":"https:\/\/api.w.org\/{rel}","templated":true}]}}