{"id":1977,"date":"2024-05-29T19:13:14","date_gmt":"2024-05-29T17:13:14","guid":{"rendered":"https:\/\/nova.art.pl\/pl\/?page_id=1977"},"modified":"2025-09-20T10:40:32","modified_gmt":"2025-09-20T08:40:32","slug":"andrzej-zygadlo","status":"publish","type":"page","link":"http:\/\/nova.art.pl\/pl\/andrzej-zygadlo\/","title":{"rendered":"Andrzej \u017bygad\u0142o"},"content":{"rendered":"\t\t<div data-elementor-type=\"wp-page\" data-elementor-id=\"1977\" class=\"elementor elementor-1977\" data-elementor-settings=\"{&quot;ha_cmc_init_switcher&quot;:&quot;no&quot;}\">\n\t\t\t\t<div class=\"elementor-element elementor-element-5cb8e24 e-flex e-con-boxed wpr-particle-no wpr-jarallax-no wpr-parallax-no wpr-sticky-section-no wpr-equal-height-no e-con e-parent\" data-id=\"5cb8e24\" data-element_type=\"container\" data-e-type=\"container\" data-settings=\"{&quot;_ha_eqh_enable&quot;:false}\">\n\t\t\t\t\t<div class=\"e-con-inner\">\n\t\t<div class=\"elementor-element elementor-element-d010ccc e-con-full e-flex wpr-particle-no wpr-jarallax-no wpr-parallax-no wpr-sticky-section-no wpr-equal-height-no e-con e-child\" data-id=\"d010ccc\" data-element_type=\"container\" data-e-type=\"container\" data-settings=\"{&quot;_ha_eqh_enable&quot;:false}\">\n\t\t\t\t<div class=\"elementor-element elementor-element-8c5429a elementor-widget elementor-widget-text-editor\" data-id=\"8c5429a\" data-element_type=\"widget\" data-e-type=\"widget\" data-widget_type=\"text-editor.default\">\n\t\t\t\t<div class=\"elementor-widget-container\">\n\t\t\t\t\t\t\t\t\t<p>ANDRZEJ \u017bYGAD\u0141O<\/p>\t\t\t\t\t\t\t\t<\/div>\n\t\t\t\t<\/div>\n\t\t\t\t<\/div>\n\t\t\t\t\t<\/div>\n\t\t\t\t<\/div>\n\t\t<div class=\"elementor-element elementor-element-3ea05b1 e-con-full e-flex wpr-particle-no wpr-jarallax-no wpr-parallax-no wpr-sticky-section-no wpr-equal-height-no e-con e-parent\" data-id=\"3ea05b1\" data-element_type=\"container\" data-e-type=\"container\" data-settings=\"{&quot;_ha_eqh_enable&quot;:false}\">\n\t\t<div class=\"elementor-element elementor-element-5eb05a5 e-con-full e-flex wpr-particle-no wpr-jarallax-no wpr-parallax-no wpr-sticky-section-no wpr-equal-height-no e-con e-child\" data-id=\"5eb05a5\" data-element_type=\"container\" data-e-type=\"container\" data-settings=\"{&quot;_ha_eqh_enable&quot;:false}\">\n\t\t\t\t<div class=\"elementor-element elementor-element-eb8706a elementor-widget-tablet__width-initial elementor-widget elementor-widget-text-editor\" data-id=\"eb8706a\" data-element_type=\"widget\" data-e-type=\"widget\" data-widget_type=\"text-editor.default\">\n\t\t\t\t<div class=\"elementor-widget-container\">\n\t\t\t\t\t\t\t\t\t<p>Absolwent Liceum Plastycznego w Jaros\u0142awiu. Pola tw\u00f3rczo\u015bci: malarstwo, rysunek, grafika, fotografia. Zajmuje si\u0119 r\u00f3wnie\u017c: dokumentacj\u0105 i konserwacj\u0105 zabytk\u00f3w, histori\u0105 sztuki, ikonografi\u0105 zabytk\u00f3w Podkarpacia. Wa\u017cniejsze osi\u0105gni\u0119cia w dziedzinie tw\u00f3rczo\u015bci artystycznej: II nagroda podczas \u201cOg\u00f3lnopolskiego Pleneru Rysunkowo-Malarskiego dla najzdolniejszych uczni\u00f3w klas starszych lice\u00f3w plastycznych\u201d Kazimierz Biskupi 2007, dwukrotny stypendysta Ministra Kultury i Dziedzictwa Narodowego w roku akademickim 2011-12 oraz 2013-14, udzia\u0142 w licznych wystawach zbiorowych i indywidualnych. Jego prace znajduj\u0105 si\u0119 m.in.: w zbiorach Biblioteki K\u00f3rnickiej PAN w K\u00f3rniku oraz Muzeum Karykatury im. Eryka Lipi\u0144skiego w Warszawie.\u200b<\/p>\t\t\t\t\t\t\t\t<\/div>\n\t\t\t\t<\/div>\n\t\t\t\t<\/div>\n\t\t\t\t<\/div>\n\t\t<div class=\"elementor-element elementor-element-c0675a6 e-con-full e-flex wpr-particle-no wpr-jarallax-no wpr-parallax-no wpr-sticky-section-no wpr-equal-height-no e-con e-parent\" data-id=\"c0675a6\" data-element_type=\"container\" data-e-type=\"container\" data-settings=\"{&quot;_ha_eqh_enable&quot;:false}\">\n\t\t<div class=\"elementor-element elementor-element-8d48094 e-con-full e-flex wpr-particle-no wpr-jarallax-no wpr-parallax-no wpr-sticky-section-no wpr-equal-height-no e-con e-child\" data-id=\"8d48094\" data-element_type=\"container\" data-e-type=\"container\" data-settings=\"{&quot;_ha_eqh_enable&quot;:false}\">\n\t\t\t\t<div class=\"elementor-element elementor-element-fdbc9df elementor-widget elementor-widget-text-editor\" data-id=\"fdbc9df\" data-element_type=\"widget\" data-e-type=\"widget\" data-widget_type=\"text-editor.default\">\n\t\t\t\t<div class=\"elementor-widget-container\">\n\t\t\t\t\t\t\t\t\t<p>Wybrane wystawy indywidualne<\/p>\t\t\t\t\t\t\t\t<\/div>\n\t\t\t\t<\/div>\n\t\t\t\t<\/div>\n\t\t\t\t<\/div>\n\t\t<div class=\"elementor-element elementor-element-8dc14b5 e-con-full e-flex wpr-particle-no wpr-jarallax-no wpr-parallax-no wpr-sticky-section-no wpr-equal-height-no e-con e-parent\" data-id=\"8dc14b5\" data-element_type=\"container\" data-e-type=\"container\" data-settings=\"{&quot;_ha_eqh_enable&quot;:false}\">\n\t\t<div class=\"elementor-element elementor-element-71b5410 e-con-full e-flex wpr-particle-no wpr-jarallax-no wpr-parallax-no wpr-sticky-section-no wpr-equal-height-no e-con e-child\" data-id=\"71b5410\" data-element_type=\"container\" data-e-type=\"container\" data-settings=\"{&quot;_ha_eqh_enable&quot;:false}\">\n\t\t\t\t<div class=\"elementor-element elementor-element-d116f18 elementor-widget-tablet__width-initial elementor-widget elementor-widget-text-editor\" data-id=\"d116f18\" data-element_type=\"widget\" data-e-type=\"widget\" data-widget_type=\"text-editor.default\">\n\t\t\t\t<div class=\"elementor-widget-container\">\n\t\t\t\t\t\t\t\t\t<p>IX\u2013XII 2008 \u2013 wystawa \u201epolsko-ruska Madonna\u201d (realizowana wsp\u00f3lnie z Ew\u0105 Szozd\u0105); Galeria kolegiacka, Jaros\u0142aw,<br \/>IX\u2013X 2012 \u2013 wystawa \u201eBez widoku\u201d, Galeria Klubu Dziennikarzy, Krak\u00f3w,<br \/>I\u2013II 2014 \u2013 wystawa \u201eChram\u201d, Art Agenda Nova, Krak\u00f3w,<br \/>IX\u2013X 2014 \u2013 wystawa \u201eD.O.M.\u201d, Art. Agenda Nova, Krak\u00f3w,<br \/>VI 2015 \u2013 wystawa \u201eD.O.M.\u201d, Galeria Klubu Adwokat\u00f3w, Krak\u00f3w,<br \/>XII 2016\u2013I 2017 \u2013 wystawa \u201eZapis\u201d, Desa Unicum, Warszawa,<br \/>III\u2013V 2017 \u2013 wystawa \u201eArchiwum w sztuce, sztuka w archiwum\u201d, Archiwum Pa\u0144stwowe w Przemy\u015blu,<br \/>29 IV 2017 \u2013 prelekcja po\u0142\u0105czona z prezentacj\u0105 obrazu \u201eDerewce\u201d, pt. \u201eKomentarz autorski do obraz\u00f3w po\u015bwi\u0119conych akcji \u00abWis\u0142a\u00bb\u201d, kt\u00f3ra odby\u0142a si\u0119 podczas sesji naukowej zorganizowanej z okazji obchod\u00f3w 70. rocznicy akcji \u201eWis\u0142a\u201d. Kolegium Maius Uniwersytetu Jagiello\u0144skiego, Krak\u00f3w.\u00a0<\/p>\t\t\t\t\t\t\t\t<\/div>\n\t\t\t\t<\/div>\n\t\t\t\t<\/div>\n\t\t\t\t<\/div>\n\t\t<div class=\"elementor-element elementor-element-7eac71d e-con-full e-flex wpr-particle-no wpr-jarallax-no wpr-parallax-no wpr-sticky-section-no wpr-equal-height-no e-con e-parent\" data-id=\"7eac71d\" data-element_type=\"container\" data-e-type=\"container\" data-settings=\"{&quot;_ha_eqh_enable&quot;:false}\">\n\t\t<div class=\"elementor-element elementor-element-c16570b e-con-full e-flex wpr-particle-no wpr-jarallax-no wpr-parallax-no wpr-sticky-section-no wpr-equal-height-no e-con e-child\" data-id=\"c16570b\" data-element_type=\"container\" data-e-type=\"container\" data-settings=\"{&quot;_ha_eqh_enable&quot;:false}\">\n\t\t\t\t<div class=\"elementor-element elementor-element-faebd09 elementor-widget elementor-widget-text-editor\" data-id=\"faebd09\" data-element_type=\"widget\" data-e-type=\"widget\" data-widget_type=\"text-editor.default\">\n\t\t\t\t<div class=\"elementor-widget-container\">\n\t\t\t\t\t\t\t\t\t<p>Wybrane wystawy zbiorowe<\/p>\t\t\t\t\t\t\t\t<\/div>\n\t\t\t\t<\/div>\n\t\t\t\t<\/div>\n\t\t\t\t<\/div>\n\t\t<div class=\"elementor-element elementor-element-bfe221c e-con-full e-flex wpr-particle-no wpr-jarallax-no wpr-parallax-no wpr-sticky-section-no wpr-equal-height-no e-con e-parent\" data-id=\"bfe221c\" data-element_type=\"container\" data-e-type=\"container\" data-settings=\"{&quot;_ha_eqh_enable&quot;:false}\">\n\t\t<div class=\"elementor-element elementor-element-e9696a1 e-con-full e-flex wpr-particle-no wpr-jarallax-no wpr-parallax-no wpr-sticky-section-no wpr-equal-height-no e-con e-child\" data-id=\"e9696a1\" data-element_type=\"container\" data-e-type=\"container\" data-settings=\"{&quot;_ha_eqh_enable&quot;:false}\">\n\t\t\t\t<div class=\"elementor-element elementor-element-b1bd3fc elementor-widget elementor-widget-text-editor\" data-id=\"b1bd3fc\" data-element_type=\"widget\" data-e-type=\"widget\" data-widget_type=\"text-editor.default\">\n\t\t\t\t<div class=\"elementor-widget-container\">\n\t\t\t\t\t\t\t\t\t<p>V 2011, wystawa \u201eWn\u0119trze\u201d, Fundacja Rozwoju Sztuki Zielona Marchewka, Krak\u00f3w,<br \/>V-VII 2013, wystawa \u201eJe\u017celi\u2026\u201d, Collegium Maius, Krak\u00f3w,<br \/>V 2013, wystawa \u201eCia\u0142a\u201d, Galeria Floria\u0144ska 4 , Krak\u00f3w,<br \/>XII 2014, wystawa \u201eDyplomy ASP 2014\u201d, Uniwersytet Ekonomiczny, Krak\u00f3w,<br \/>VI 2015, wystawa \u201eNajlepsze Dyplomy 2014\/2015 ASP w Krakowie\u201d, Pa\u0142ac Sztuki, Krak\u00f3w,<br \/>II-III 2017, wystawa \u201eWyst\u0119py go\u015bcinne\u201d, Otwarta Pracownia, Krak\u00f3w,<br \/>IV-VI 2017, wystawa \u201eAwangarda to petarda\u201d, Art Agenda Nova, Krak\u00f3w,<br \/>VI 2017, wystawa \u201eNo problem\u201d, Potencja, Krak\u00f3w,<br \/>XI 2017, wystawa \u201eLeszek Misiak i uczniowie- Przestrze\u0144 dla Sztuki\u201d, Nowohuckie Centrum Kultury, Krak\u00f3w,<br \/>XI 2017, wystawa \u201eLeszek Misiak i uczniowie- Przestrze\u0144 dla Sztuki\u201d, Akademia Sztuk Pi\u0119knych w Krakowie, Krak\u00f3w.<\/p>\t\t\t\t\t\t\t\t<\/div>\n\t\t\t\t<\/div>\n\t\t\t\t<\/div>\n\t\t\t\t<\/div>\n\t\t\t\t<\/div>\n\t\t","protected":false},"excerpt":{"rendered":"<p>ANDRZEJ \u017bYGAD\u0141O Absolwent Liceum Plastycznego w Jaros\u0142awiu. Pola tw\u00f3rczo\u015bci: malarstwo, rysunek, grafika, fotografia. Zajmuje si\u0119 r\u00f3wnie\u017c: dokumentacj\u0105 i konserwacj\u0105 zabytk\u00f3w, histori\u0105 sztuki, ikonografi\u0105 zabytk\u00f3w Podkarpacia. Wa\u017cniejsze osi\u0105gni\u0119cia w dziedzinie tw\u00f3rczo\u015bci artystycznej: II nagroda podczas \u201cOg\u00f3lnopolskiego Pleneru Rysunkowo-Malarskiego dla najzdolniejszych uczni\u00f3w klas starszych lice\u00f3w plastycznych\u201d Kazimierz Biskupi 2007, dwukrotny stypendysta Ministra Kultury i Dziedzictwa Narodowego w roku akademickim 2011-12 oraz 2013-14, udzia\u0142 w licznych wystawach zbiorowych i indywidualnych. Jego prace znajduj\u0105 si\u0119 m.in.: w zbiorach Biblioteki K\u00f3rnickiej PAN w K\u00f3rniku oraz Muzeum Karykatury im. Eryka Lipi\u0144skiego w Warszawie.\u200b Wybrane wystawy indywidualne IX\u2013XII 2008 \u2013 wystawa \u201epolsko-ruska Madonna\u201d (realizowana wsp\u00f3lnie z Ew\u0105 Szozd\u0105); Galeria kolegiacka, Jaros\u0142aw,IX\u2013X 2012 \u2013 wystawa \u201eBez widoku\u201d, Galeria Klubu Dziennikarzy, Krak\u00f3w,I\u2013II 2014 \u2013 wystawa \u201eChram\u201d, Art Agenda Nova, Krak\u00f3w,IX\u2013X 2014 \u2013 wystawa \u201eD.O.M.\u201d, Art. Agenda Nova, Krak\u00f3w,VI 2015 \u2013 wystawa \u201eD.O.M.\u201d, Galeria Klubu Adwokat\u00f3w, Krak\u00f3w,XII 2016\u2013I 2017 \u2013 wystawa \u201eZapis\u201d, Desa Unicum, Warszawa,III\u2013V 2017 \u2013 wystawa \u201eArchiwum w sztuce, sztuka w archiwum\u201d, Archiwum Pa\u0144stwowe w Przemy\u015blu,29 IV 2017 \u2013 prelekcja po\u0142\u0105czona z prezentacj\u0105 obrazu \u201eDerewce\u201d, pt. \u201eKomentarz autorski do obraz\u00f3w po\u015bwi\u0119conych akcji \u00abWis\u0142a\u00bb\u201d, kt\u00f3ra odby\u0142a si\u0119 podczas sesji naukowej zorganizowanej z okazji obchod\u00f3w 70. rocznicy akcji \u201eWis\u0142a\u201d. Kolegium Maius Uniwersytetu Jagiello\u0144skiego, Krak\u00f3w.\u00a0 Wybrane wystawy zbiorowe V 2011, wystawa \u201eWn\u0119trze\u201d, Fundacja Rozwoju Sztuki Zielona Marchewka, Krak\u00f3w,V-VII 2013, wystawa \u201eJe\u017celi\u2026\u201d, Collegium Maius, Krak\u00f3w,V 2013, wystawa \u201eCia\u0142a\u201d, Galeria Floria\u0144ska 4 , Krak\u00f3w,XII 2014, wystawa \u201eDyplomy ASP 2014\u201d, Uniwersytet Ekonomiczny, Krak\u00f3w,VI 2015, wystawa \u201eNajlepsze Dyplomy 2014\/2015 ASP w Krakowie\u201d, Pa\u0142ac Sztuki, Krak\u00f3w,II-III 2017, wystawa \u201eWyst\u0119py go\u015bcinne\u201d, Otwarta Pracownia, Krak\u00f3w,IV-VI 2017, wystawa \u201eAwangarda to petarda\u201d, Art Agenda Nova, Krak\u00f3w,VI 2017, wystawa \u201eNo problem\u201d, Potencja, Krak\u00f3w,XI 2017, wystawa \u201eLeszek Misiak i uczniowie- Przestrze\u0144 dla Sztuki\u201d, Nowohuckie Centrum Kultury, Krak\u00f3w,XI 2017, wystawa \u201eLeszek Misiak i uczniowie- Przestrze\u0144 dla Sztuki\u201d, Akademia Sztuk Pi\u0119knych w Krakowie, Krak\u00f3w.<\/p>\n","protected":false},"author":1,"featured_media":1992,"parent":0,"menu_order":0,"comment_status":"closed","ping_status":"closed","template":"elementor_header_footer","meta":{"_gspb_post_css":"","_vp_format_video_url":"","_vp_image_focal_point":[],"footnotes":""},"class_list":["post-1977","page","type-page","status-publish","has-post-thumbnail","hentry"],"blocksy_meta":[],"rttpg_featured_image_url":{"full":["http:\/\/nova.art.pl\/pl\/wp-content\/uploads\/sites\/3\/2024\/05\/A.-Zygadlo-2017-Derewce-olej-na-plotnie-90x100-1-scaled.jpg",2560,2272,false],"landscape":["http:\/\/nova.art.pl\/pl\/wp-content\/uploads\/sites\/3\/2024\/05\/A.-Zygadlo-2017-Derewce-olej-na-plotnie-90x100-1-scaled.jpg",2560,2272,false],"portraits":["http:\/\/nova.art.pl\/pl\/wp-content\/uploads\/sites\/3\/2024\/05\/A.-Zygadlo-2017-Derewce-olej-na-plotnie-90x100-1-scaled.jpg",2560,2272,false],"thumbnail":["http:\/\/nova.art.pl\/pl\/wp-content\/uploads\/sites\/3\/2024\/05\/A.-Zygadlo-2017-Derewce-olej-na-plotnie-90x100-1-150x150.jpg",150,150,true],"medium":["http:\/\/nova.art.pl\/pl\/wp-content\/uploads\/sites\/3\/2024\/05\/A.-Zygadlo-2017-Derewce-olej-na-plotnie-90x100-1-300x266.jpg",300,266,true],"large":["http:\/\/nova.art.pl\/pl\/wp-content\/uploads\/sites\/3\/2024\/05\/A.-Zygadlo-2017-Derewce-olej-na-plotnie-90x100-1-1024x909.jpg",1024,909,true],"1536x1536":["http:\/\/nova.art.pl\/pl\/wp-content\/uploads\/sites\/3\/2024\/05\/A.-Zygadlo-2017-Derewce-olej-na-plotnie-90x100-1-1536x1363.jpg",1536,1363,true],"2048x2048":["http:\/\/nova.art.pl\/pl\/wp-content\/uploads\/sites\/3\/2024\/05\/A.-Zygadlo-2017-Derewce-olej-na-plotnie-90x100-1-2048x1817.jpg",2048,1817,true],"vp_sm":["http:\/\/nova.art.pl\/pl\/wp-content\/uploads\/sites\/3\/2024\/05\/A.-Zygadlo-2017-Derewce-olej-na-plotnie-90x100-1-500x444.jpg",500,444,true],"vp_md":["http:\/\/nova.art.pl\/pl\/wp-content\/uploads\/sites\/3\/2024\/05\/A.-Zygadlo-2017-Derewce-olej-na-plotnie-90x100-1-800x710.jpg",800,710,true],"vp_lg":["http:\/\/nova.art.pl\/pl\/wp-content\/uploads\/sites\/3\/2024\/05\/A.-Zygadlo-2017-Derewce-olej-na-plotnie-90x100-1-1280x1136.jpg",1280,1136,true],"vp_xl":["http:\/\/nova.art.pl\/pl\/wp-content\/uploads\/sites\/3\/2024\/05\/A.-Zygadlo-2017-Derewce-olej-na-plotnie-90x100-1-1920x1704.jpg",1920,1704,true],"vp_sm_popup":["http:\/\/nova.art.pl\/pl\/wp-content\/uploads\/sites\/3\/2024\/05\/A.-Zygadlo-2017-Derewce-olej-na-plotnie-90x100-1-500x444.jpg",500,444,true],"vp_md_popup":["http:\/\/nova.art.pl\/pl\/wp-content\/uploads\/sites\/3\/2024\/05\/A.-Zygadlo-2017-Derewce-olej-na-plotnie-90x100-1-800x710.jpg",800,710,true],"vp_xl_popup":["http:\/\/nova.art.pl\/pl\/wp-content\/uploads\/sites\/3\/2024\/05\/A.-Zygadlo-2017-Derewce-olej-na-plotnie-90x100-1-1920x1704.jpg",1920,1704,true]},"rttpg_author":{"display_name":"Arek","author_link":"http:\/\/nova.art.pl\/pl\/author\/admin\/"},"rttpg_comment":0,"rttpg_category":null,"rttpg_excerpt":"ANDRZEJ \u017bYGAD\u0141O Absolwent Liceum Plastycznego w Jaros\u0142awiu. Pola tw\u00f3rczo\u015bci: malarstwo, rysunek, grafika, fotografia. Zajmuje si\u0119 r\u00f3wnie\u017c: dokumentacj\u0105 i konserwacj\u0105 zabytk\u00f3w, histori\u0105 sztuki, ikonografi\u0105 zabytk\u00f3w Podkarpacia. Wa\u017cniejsze osi\u0105gni\u0119cia w dziedzinie tw\u00f3rczo\u015bci artystycznej: II nagroda podczas \u201cOg\u00f3lnopolskiego Pleneru Rysunkowo-Malarskiego dla najzdolniejszych uczni\u00f3w klas starszych lice\u00f3w plastycznych\u201d Kazimierz Biskupi 2007, dwukrotny stypendysta Ministra Kultury i Dziedzictwa Narodowego w&hellip;","_links":{"self":[{"href":"http:\/\/nova.art.pl\/pl\/wp-json\/wp\/v2\/pages\/1977","targetHints":{"allow":["GET"]}}],"collection":[{"href":"http:\/\/nova.art.pl\/pl\/wp-json\/wp\/v2\/pages"}],"about":[{"href":"http:\/\/nova.art.pl\/pl\/wp-json\/wp\/v2\/types\/page"}],"author":[{"embeddable":true,"href":"http:\/\/nova.art.pl\/pl\/wp-json\/wp\/v2\/users\/1"}],"replies":[{"embeddable":true,"href":"http:\/\/nova.art.pl\/pl\/wp-json\/wp\/v2\/comments?post=1977"}],"version-history":[{"count":40,"href":"http:\/\/nova.art.pl\/pl\/wp-json\/wp\/v2\/pages\/1977\/revisions"}],"predecessor-version":[{"id":4705,"href":"http:\/\/nova.art.pl\/pl\/wp-json\/wp\/v2\/pages\/1977\/revisions\/4705"}],"wp:featuredmedia":[{"embeddable":true,"href":"http:\/\/nova.art.pl\/pl\/wp-json\/wp\/v2\/media\/1992"}],"wp:attachment":[{"href":"http:\/\/nova.art.pl\/pl\/wp-json\/wp\/v2\/media?parent=1977"}],"curies":[{"name":"wp","href":"https:\/\/api.w.org\/{rel}","templated":true}]}}